{"id":740,"date":"2022-03-12T07:03:31","date_gmt":"2022-03-12T07:03:31","guid":{"rendered":"https:\/\/dinamiktours.eus\/?page_id=740"},"modified":"2024-05-07T12:35:40","modified_gmt":"2024-05-07T12:35:40","slug":"fonds-publics","status":"publish","type":"page","link":"https:\/\/dinamiktours.eus\/fr\/public-funds\/","title":{"rendered":"Fonds publics"},"content":{"rendered":"<div class=\"wp-block-stackable-columns alignfull stk-block-columns stk-block stk-cf247fd stk-block-background stk--has-background-overlay\" data-block-id=\"cf247fd\"><style>.stk-cf247fd{background-color:var(--theme-palette-color-4,#000000) !important;background-image:url(https:\/\/dinamiktours.eus\/wp-content\/uploads\/2024\/05\/narcisa-staicu-509081082-21545472-1920px.jpg) !important;background-position:top center !important;padding-top:310px !important;padding-right:35px !important;padding-bottom:180px !important;padding-left:35px !important;margin-bottom:0px !important}.stk-cf247fd:before{background-color:var(--theme-palette-color-4,#000000) !important;opacity:0.3 !important}@media screen and (max-width:999px){.stk-cf247fd{padding-top:210px !important;padding-bottom:140px !important}}<\/style><div class=\"stk-row stk-inner-blocks has-text-align-center stk-block-content stk-content-align stk-cf247fd-column\">\n<div class=\"wp-block-stackable-column stk-block-column stk-column stk-block stk-1d93b9f\" data-v=\"4\" data-block-id=\"1d93b9f\"><style>.stk-1d93b9f-container{margin-top:0px !important;margin-right:0px !important;margin-bottom:0px !important;margin-left:0px !important}<\/style><div class=\"stk-column-wrapper stk-block-column__content stk-container stk-1d93b9f-container stk--no-background stk--no-padding\"><div class=\"stk-block-content stk-inner-blocks stk-1d93b9f-inner-blocks\">\n<div class=\"wp-block-stackable-heading stk-block-heading stk-block-heading--v2 stk-block stk-436ce8b\" id=\"public-funds\" data-block-id=\"436ce8b\"><style>.stk-436ce8b{margin-bottom:20px !important}.stk-436ce8b .stk-block-heading__text{font-size:70px !important;color:var(--theme-palette-color-8,#ffffff) !important;line-height:1em !important;font-weight:800 !important}@media screen and (max-width:999px){.stk-436ce8b .stk-block-heading__text{font-size:50px !important}}<\/style><h2 class=\"stk-block-heading__text has-text-color has-palette-color-8-color\">Fonds publics<\/h2><\/div>\n\n\n\n<div class=\"wp-block-stackable-text stk-block-text stk-block stk-ad51fb0\" data-block-id=\"ad51fb0\"><style>.stk-ad51fb0{max-width:70% !important;margin-right:auto !important;margin-left:auto !important}.stk-ad51fb0 .stk-block-text__text{color:var(--theme-palette-color-8,#ffffff) !important}@media screen and (max-width:999px){.stk-ad51fb0{max-width:100% !important}}<\/style><p class=\"stk-block-text__text has-text-color has-palette-color-8-color\">M&#039;Angel Manovell a \u00e9t\u00e9 b\u00e9n\u00e9ficiaire du programme Digital Kit,<br>Cofinanc\u00e9 par les fonds Next Generation (UE) des m\u00e9canismes de relance et de r\u00e9silience.<\/p><\/div>\n\n\n\n<div class=\"wp-block-stackable-columns stk-block-columns stk-block stk-a534c3e\" data-block-id=\"a534c3e\"><style>.stk-a534c3e{margin-bottom:0px !important}<\/style><div class=\"stk-row stk-inner-blocks stk-block-content stk-content-align stk-a534c3e-column\">\n<div class=\"wp-block-stackable-column stk-block-column stk-column stk-block stk-47fbd20\" data-v=\"4\" data-block-id=\"47fbd20\"><style>@media screen and (min-width:690px){.stk-47fbd20{flex:var(--stk-flex-grow,1) 1 calc(50% - var(--stk-column-gap,0px) * 2 \/ 3 ) !important}}<\/style><div class=\"stk-column-wrapper stk-block-column__content stk-container stk-47fbd20-container stk--no-background stk--no-padding\"><div class=\"stk-block-content stk-inner-blocks stk-47fbd20-inner-blocks\">\n<div class=\"wp-block-stackable-image stk-block-image stk-block stk-cf57ef9\" data-block-id=\"cf57ef9\"><figure><span class=\"stk-img-wrapper stk-image--shape-stretch\"><img loading=\"lazy\" decoding=\"async\" class=\"stk-img wp-image-921\" src=\"https:\/\/artesgraficasnavarro.com\/wp-content\/uploads\/2024\/03\/logo-ministerio.png\" width=\"1051\" height=\"182\"\/><\/span><\/figure><\/div>\n<\/div><\/div><\/div>\n\n\n\n<div class=\"wp-block-stackable-column stk-block-column stk-column stk-block stk-1fc57f5\" data-v=\"4\" data-block-id=\"1fc57f5\"><style>@media screen and (min-width:690px){.stk-1fc57f5{flex:var(--stk-flex-grow,1) 1 calc(25% - var(--stk-column-gap,0px) * 2 \/ 3 ) !important}}<\/style><div class=\"stk-column-wrapper stk-block-column__content stk-container stk-1fc57f5-container stk--no-background stk--no-padding\"><div class=\"stk-block-content stk-inner-blocks stk-1fc57f5-inner-blocks\">\n<div class=\"wp-block-stackable-image stk-block-image stk-block stk-693602b\" data-block-id=\"693602b\"><style>.stk-693602b .stk-img-wrapper{width:80% !important}<\/style><figure><span class=\"stk-img-wrapper stk-image--shape-stretch\"><img loading=\"lazy\" decoding=\"async\" class=\"stk-img wp-image-928\" src=\"https:\/\/artesgraficasnavarro.com\/wp-content\/uploads\/2024\/03\/logo-redes.png\" width=\"243\" height=\"104\"\/><\/span><\/figure><\/div>\n<\/div><\/div><\/div>\n\n\n\n<div class=\"wp-block-stackable-column stk-block-column stk-column stk-block stk-7781c9e\" data-v=\"4\" data-block-id=\"7781c9e\"><style>@media screen and (min-width:690px){.stk-7781c9e{flex:var(--stk-flex-grow,1) 1 calc(25% - var(--stk-column-gap,0px) * 2 \/ 3 ) !important}}<\/style><div class=\"stk-column-wrapper stk-block-column__content stk-container stk-7781c9e-container stk--no-background stk--no-padding\"><div class=\"stk-block-content stk-inner-blocks stk-7781c9e-inner-blocks\">\n<div class=\"wp-block-stackable-image stk-block-image stk-block stk-db01c4c\" data-block-id=\"db01c4c\"><figure><span class=\"stk-img-wrapper stk-image--shape-stretch\"><img loading=\"lazy\" decoding=\"async\" class=\"stk-img wp-image-914\" src=\"https:\/\/artesgraficasnavarro.com\/wp-content\/uploads\/2024\/03\/Kit-Digital-blanco-300.png\" width=\"300\" height=\"104\"\/><\/span><\/figure><\/div>\n<\/div><\/div><\/div>\n<\/div><\/div>\n\n\n\n<div class=\"wp-block-stackable-columns stk-block-columns stk-block stk-39bde82\" data-block-id=\"39bde82\"><style>.stk-39bde82{margin-bottom:20px !important}<\/style><div class=\"stk-row stk-inner-blocks stk-block-content stk-content-align stk-39bde82-column\">\n<div class=\"wp-block-stackable-column stk-block-column stk-column stk-block stk-6a82f26\" data-v=\"4\" data-block-id=\"6a82f26\"><div class=\"stk-column-wrapper stk-block-column__content stk-container stk-6a82f26-container stk--no-background stk--no-padding\"><div class=\"stk-block-content stk-inner-blocks stk-6a82f26-inner-blocks\">\n<div class=\"wp-block-stackable-image stk-block-image stk-block stk-a076979\" data-block-id=\"a076979\"><figure><span class=\"stk-img-wrapper stk-image--shape-stretch\"><img loading=\"lazy\" decoding=\"async\" class=\"stk-img wp-image-917\" src=\"https:\/\/artesgraficasnavarro.com\/wp-content\/uploads\/2024\/03\/logo-kitdigital.png\" width=\"1250\" height=\"267\"\/><\/span><\/figure><\/div>\n<\/div><\/div><\/div>\n\n\n\n<div class=\"wp-block-stackable-column stk-block-column stk-column stk-block stk-a33afe8\" data-v=\"4\" data-block-id=\"a33afe8\"><div class=\"stk-column-wrapper stk-block-column__content stk-container stk-a33afe8-container stk--no-background stk--no-padding\"><div class=\"stk-block-content stk-inner-blocks stk-a33afe8-inner-blocks\">\n<div class=\"wp-block-stackable-image stk-block-image stk-block stk-389b1c0\" data-block-id=\"389b1c0\"><figure><span class=\"stk-img-wrapper stk-image--shape-stretch\"><img loading=\"lazy\" decoding=\"async\" class=\"stk-img wp-image-918\" src=\"https:\/\/artesgraficasnavarro.com\/wp-content\/uploads\/2024\/03\/logo-europa.png\" width=\"1250\" height=\"267\"\/><\/span><\/figure><\/div>\n<\/div><\/div><\/div>\n<\/div><\/div>\n<\/div><\/div><\/div>\n<\/div><\/div>","protected":false},"excerpt":{"rendered":"<p>Public Funds M&#8217;Angel Manovell has been a beneficiary of the Digital Kit Program,Co-financed by the Next Generation (EU) funds of the recovery and resilience mechanisms.<\/p>","protected":false},"author":1,"featured_media":0,"parent":0,"menu_order":0,"comment_status":"closed","ping_status":"closed","template":"","meta":{"footnotes":""},"class_list":["post-740","page","type-page","status-publish","hentry"],"blocksy_meta":{"page_title_panel":"","has_hero_section":"disabled","ad325afbbb787ae7bf99ddf317024bd4":"","hero_section":"type-1","hero_elements":[{"id":"custom_title","enabled":true,"heading_tag":"h1","title":"Home"},{"id":"custom_description","enabled":true,"description_visibility":{"desktop":true,"tablet":true,"mobile":false}},{"id":"custom_meta","enabled":false,"meta_elements":[{"id":"author","enabled":true,"label":"By","has_author_avatar":"yes","avatar_size":25},{"id":"post_date","enabled":true,"label":"On","date_format_source":"default","date_format":"M j, Y"},{"id":"updated_date","enabled":false,"label":"On","date_format_source":"default","date_format":"M j, Y"},{"id":"categories","enabled":false,"label":"In","style":"simple"},{"id":"comments","enabled":true}],"page_meta_elements":{"joined":true,"articles_count":true,"comments":true}},{"id":"breadcrumbs","enabled":false}],"54c8ca3814d29b28b0c1ac8150b2e42a":"","hero_alignment1":"CT_CSS_SKIP_RULE","hero_margin":40,"hero_alignment2":"center","hero_vertical_alignment":"center","c595936b744da3de4c4f7a667f390c24":"","hero_structure":"narrow","a2b35d92272003fc7b6d404bbfd83b26":"","page_title_bg_type":"featured_image","custom_hero_background":{"attachment_id":null},"parallax":{"desktop":false,"tablet":false,"mobile":false},"cd2fa6ec3f8f5e7167d75079debcf8d0":"","hero_height":"250px","pageTitleFont":{"family":"Default","variation":"Default","size":"30px","line-height":"CT_CSS_SKIP_RULE","letter-spacing":"CT_CSS_SKIP_RULE","text-transform":"CT_CSS_SKIP_RULE","text-decoration":"CT_CSS_SKIP_RULE"},"pageTitleFontColor":{"default":{"color":"CT_CSS_SKIP_RULEDEFAULT"}},"pageMetaFont":{"family":"Default","variation":"n6","size":"12px","line-height":"1.3","letter-spacing":"CT_CSS_SKIP_RULE","text-transform":"uppercase","text-decoration":"CT_CSS_SKIP_RULE"},"pageMetaFontColor":{"default":{"color":"CT_CSS_SKIP_RULEDEFAULT"},"hover":{"color":"CT_CSS_SKIP_RULEDEFAULT"}},"page_meta_button_type_font_colors":{"default":{"color":"CT_CSS_SKIP_RULEDEFAULT"},"hover":{"color":"CT_CSS_SKIP_RULEDEFAULT"}},"page_meta_button_type_background_colors":{"default":{"color":"CT_CSS_SKIP_RULEDEFAULT"},"hover":{"color":"CT_CSS_SKIP_RULEDEFAULT"}},"pageExcerptFont":{"family":"Default","variation":"Default","size":"CT_CSS_SKIP_RULE","line-height":"CT_CSS_SKIP_RULE","letter-spacing":"CT_CSS_SKIP_RULE","text-transform":"CT_CSS_SKIP_RULE","text-decoration":"CT_CSS_SKIP_RULE"},"pageExcerptColor":{"default":{"color":"CT_CSS_SKIP_RULEDEFAULT"}},"breadcrumbsFont":{"family":"Default","variation":"Default","size":"CT_CSS_SKIP_RULE","line-height":"CT_CSS_SKIP_RULE","letter-spacing":"CT_CSS_SKIP_RULE","text-transform":"CT_CSS_SKIP_RULE","text-decoration":"CT_CSS_SKIP_RULE"},"breadcrumbsFontColor":{"default":{"color":"CT_CSS_SKIP_RULEDEFAULT"},"initial":{"color":"CT_CSS_SKIP_RULEDEFAULT"},"hover":{"color":"CT_CSS_SKIP_RULEDEFAULT"}},"pageTitleOverlay":{"background_type":"color","background_pattern":"type-1","background_image":{"attachment_id":null,"x":0,"y":0},"gradient":"linear-gradient(135deg,rgba(6,147,227,1) 0%,rgb(155,81,224) 100%)","background_repeat":"repeat","background_size":"auto","background_attachment":"scroll","patternColor":{"default":{"color":"#e5e7ea"}},"overlayColor":{"default":{"color":"CT_CSS_SKIP_RULE"}},"backgroundColor":{"default":{"color":"CT_CSS_SKIP_RULE"}}},"pageTitleBackground":{"background_type":"color","background_pattern":"type-1","background_image":{"attachment_id":null,"x":0,"y":0},"gradient":"linear-gradient(135deg,rgba(6,147,227,1) 0%,rgb(155,81,224) 100%)","background_repeat":"repeat","background_size":"auto","background_attachment":"scroll","patternColor":{"default":{"color":"#e5e7ea"}},"overlayColor":{"default":{"color":"CT_CSS_SKIP_RULE"}},"backgroundColor":{"default":{"color":"var(--theme-palette-color-6)"}}},"pageTitlePadding":{"top":"50px","bottom":"50px","left":"auto","right":"auto","linked":true},"4e644f0df3dc2bd54a2fd9c5f4811b02":"","page_structure_type":"default","8567a3a04c64060be6cb8429ab0da8d2":"","content_style_source":"inherit","content_style":"wide","vertical_spacing_source":"custom","content_area_spacing":"none","background":{"background_type":"color","background_pattern":"type-1","background_image":{"attachment_id":null,"x":0,"y":0},"gradient":"linear-gradient(135deg,rgba(6,147,227,1) 0%,rgb(155,81,224) 100%)","background_repeat":"repeat","background_size":"auto","background_attachment":"scroll","patternColor":{"default":{"color":"#e5e7ea"}},"overlayColor":{"default":{"color":"CT_CSS_SKIP_RULE"}},"backgroundColor":{"default":{"color":"CT_CSS_SKIP_RULE"}}},"content_background":{"background_type":"color","background_pattern":"type-1","background_image":{"attachment_id":null,"x":0,"y":0},"gradient":"linear-gradient(135deg,rgba(6,147,227,1) 0%,rgb(155,81,224) 100%)","background_repeat":"repeat","background_size":"auto","background_attachment":"scroll","patternColor":{"default":{"color":"#e5e7ea"}},"overlayColor":{"default":{"color":"CT_CSS_SKIP_RULE"}},"backgroundColor":{"default":{"color":"var(--theme-palette-color-8)"}}},"content_boxed_shadow":{"inherit":false,"blur":18,"spread":-6,"v_offset":12,"h_offset":0,"inset":false,"enable":true,"color":{"color":"rgba(34, 56, 101, 0.04)"}},"boxed_content_spacing":{"desktop":{"top":"40px","bottom":"40px","left":"40px","right":"40px","linked":true},"tablet":{"top":"35px","bottom":"35px","left":"35px","right":"35px","linked":true},"mobile":{"top":"20px","bottom":"20px","left":"20px","right":"20px","linked":true}},"content_boxed_radius":{"top":"3px","bottom":"3px","left":"3px","right":"3px","linked":true},"667936e8a6950c9590e92cff7730eecd":"","disable_featured_image":"no","disable_share_box":"no","disable_header":"no","disable_footer":"no","styles_descriptor":{"styles":{"desktop":"","tablet":"","mobile":""},"google_fonts":[],"version":6}},"_links":{"self":[{"href":"https:\/\/dinamiktours.eus\/fr\/wp-json\/wp\/v2\/pages\/740","targetHints":{"allow":["GET"]}}],"collection":[{"href":"https:\/\/dinamiktours.eus\/fr\/wp-json\/wp\/v2\/pages"}],"about":[{"href":"https:\/\/dinamiktours.eus\/fr\/wp-json\/wp\/v2\/types\/page"}],"author":[{"embeddable":true,"href":"https:\/\/dinamiktours.eus\/fr\/wp-json\/wp\/v2\/users\/1"}],"replies":[{"embeddable":true,"href":"https:\/\/dinamiktours.eus\/fr\/wp-json\/wp\/v2\/comments?post=740"}],"version-history":[{"count":4,"href":"https:\/\/dinamiktours.eus\/fr\/wp-json\/wp\/v2\/pages\/740\/revisions"}],"predecessor-version":[{"id":1301,"href":"https:\/\/dinamiktours.eus\/fr\/wp-json\/wp\/v2\/pages\/740\/revisions\/1301"}],"wp:attachment":[{"href":"https:\/\/dinamiktours.eus\/fr\/wp-json\/wp\/v2\/media?parent=740"}],"curies":[{"name":"wp","href":"https:\/\/api.w.org\/{rel}","templated":true}]}}