{"id":3,"date":"2024-05-05T19:52:06","date_gmt":"2024-05-05T19:52:06","guid":{"rendered":"https:\/\/dinamiktours.eus\/?page_id=3"},"modified":"2025-04-24T03:29:08","modified_gmt":"2025-04-24T01:29:08","slug":"politique-de-confidentialite","status":"publish","type":"page","link":"https:\/\/dinamiktours.eus\/fr\/privacy-policy\/","title":{"rendered":"politique de confidentialit\u00e9"},"content":{"rendered":"<h2 class=\"wp-block-heading has-large-font-size\"><strong>1. Introduction<\/strong><\/h2>\n\n\n\n<p>Bienvenue sur dinamiktours.eus, exploit\u00e9 par Maria Angel Manovel Ib\u00e1\u00f1ez (num\u00e9ro de TVA 10059139C), situ\u00e9 au 48014-Bilbao, Espagne. Cette politique de confidentialit\u00e9 r\u00e9git votre utilisation de ce site Web, y compris dinamiktours.eus, dinamiktours.com et dinamiktours.eu, d\u00e9taillant comment je collecte, utilise et prot\u00e8ge vos informations.<\/p>\n\n\n\n<h2 class=\"wp-block-heading has-large-font-size\"><strong>2. Collecte et utilisation des informations<\/strong><\/h2>\n\n\n\n<p>Ce site collecte diff\u00e9rents types d&#039;informations pour am\u00e9liorer l&#039;ensemble des services et votre exp\u00e9rience\u00a0:<\/p>\n\n\n\n<ul class=\"wp-block-list\">\n<li><strong>Informations personnelles:<\/strong> Comprend les donn\u00e9es fournies directement par vous via des formulaires, des commentaires ou lors de l&#039;inscription, telles que votre nom, votre adresse e-mail et vos coordonn\u00e9es.<\/li>\n\n\n\n<li><strong>Des donn\u00e9es d&#039;utilisation:<\/strong> Collect\u00e9s automatiquement lorsque vous utilisez mon site, y compris les adresses IP, le type de navigateur et les d\u00e9tails de navigation via les cookies.<\/li>\n\n\n\n<li><strong>Biscuits:<\/strong> J&#039;utilise des cookies pour m\u00e9moriser vos pr\u00e9f\u00e9rences et faciliter la navigation. Vous pouvez contr\u00f4ler les param\u00e8tres des cookies via votre navigateur.<\/li>\n<\/ul>\n\n\n\n<h3 class=\"wp-block-heading has-medium-font-size\"><strong>Adresses IP<\/strong><\/h3>\n\n\n\n<p>Ce site Web peut collecter des informations sur votre ordinateur, y compris, le cas \u00e9ch\u00e9ant, votre adresse IP, votre syst\u00e8me d&#039;exploitation et votre type de navigateur ou \u00e0 des fins d&#039;administration du syst\u00e8me. Il s&#039;agit de donn\u00e9es statistiques sur les actions et les habitudes de navigation des utilisateurs et n&#039;identifient aucun individu.<\/p>\n\n\n\n<h2 class=\"wp-block-heading has-medium-font-size\"><strong>Biscuits<\/strong><\/h2>\n\n\n\n<p>Pour la m\u00eame raison, je peux obtenir des informations sur votre utilisation g\u00e9n\u00e9rale d&#039;Internet en utilisant un fichier cookie stock\u00e9 sur votre navigateur ou sur le disque dur de votre ordinateur. Les cookies contiennent des informations qui sont transf\u00e9r\u00e9es sur le disque dur de votre ordinateur. Ils nous aident \u00e0 am\u00e9liorer mon site et \u00e0 offrir un service meilleur et plus personnalis\u00e9. Certains des cookies que j&#039;utilise sont essentiels au fonctionnement du site.<\/p>\n\n\n\n<p>Si vous postulez \u00e0 mes services ou si vous continuez \u00e0 utiliser mon site, vous acceptez cette utilisation de cookies.<\/p>\n\n\n\n<p>Vous pouvez bloquer les cookies en activant le param\u00e8tre de votre navigateur qui vous permet de refuser le param\u00e9trage de tout ou partie des cookies. Cependant, si vous utilisez les param\u00e8tres de votre navigateur pour bloquer tous les cookies (y compris les cookies essentiels), vous ne pourrez peut-\u00eatre pas acc\u00e9der \u00e0 tout ou partie de mon site. \u00c0 moins que vous n&#039;ayez ajust\u00e9 les param\u00e8tres de votre navigateur afin qu&#039;il refuse les cookies, le syst\u00e8me du site Web \u00e9mettra des cookies d\u00e8s que vous visiterez notre site.<\/p>\n\n\n\n<h2 class=\"wp-block-heading has-large-font-size\"><strong>3. Partage de donn\u00e9es<\/strong><\/h2>\n\n\n\n<p>Je ne vends pas vos donn\u00e9es. Je peux partager vos informations avec des prestataires de services sous contrat qui contribuent \u00e0 certaines parties des op\u00e9rations commerciales (pr\u00e9vention de la fraude, marketing, services technologiques). Mes contrats stipulent que ces prestataires de services utilisent vos informations uniquement dans le cadre des services qu&#039;ils effectuent pour nous et non pour leur propre b\u00e9n\u00e9fice.<\/p>\n\n\n\n<h2 class=\"wp-block-heading has-large-font-size\"><strong>4. S\u00e9curit\u00e9 des donn\u00e9es<\/strong><\/h2>\n\n\n\n<p>Ce site utilise des mesures de s\u00e9curit\u00e9 pour prot\u00e9ger vos informations contre tout acc\u00e8s, modification et destruction non autoris\u00e9s. Il utilise le cryptage SSL pour la transmission des donn\u00e9es et met activement \u00e0 jour et teste la technologie de s\u00e9curit\u00e9.<\/p>\n\n\n\n<p>Les donn\u00e9es que je peux collecter aupr\u00e8s de vous peuvent \u00eatre transf\u00e9r\u00e9es et stock\u00e9es vers une destination en dehors de l&#039;Espace \u00e9conomique europ\u00e9en (\u00ab EEE \u00bb). Elles peuvent \u00e9galement \u00eatre trait\u00e9es par du personnel op\u00e9rant en dehors de l&#039;EEE et travaillant pour moi ou pour l&#039;un de mes fournisseurs. Ce personnel peut \u00eatre engag\u00e9, entre autres, dans l&#039;examen et le traitement de votre demande. En soumettant vos donn\u00e9es personnelles, vous acceptez ce stockage ou ce traitement. Je prendrai toutes les mesures raisonnablement n\u00e9cessaires pour garantir que vos donn\u00e9es soient trait\u00e9es en toute s\u00e9curit\u00e9 et conform\u00e9ment \u00e0 cette politique de confidentialit\u00e9.<\/p>\n\n\n\n<h2 class=\"wp-block-heading has-large-font-size\"><strong>5. Conservation des donn\u00e9es<\/strong><\/h2>\n\n\n\n<p>Je conserverai les informations personnelles aussi longtemps que n\u00e9cessaire pour atteindre les objectifs d\u00e9crits dans cette politique de confidentialit\u00e9, \u00e0 moins qu&#039;une p\u00e9riode de conservation plus longue ne soit requise ou autoris\u00e9e par la loi.<\/p>\n\n\n\n<h2 class=\"wp-block-heading has-large-font-size\"><strong>6. Vos droits<\/strong><\/h2>\n\n\n\n<p>Vous avez le droit d&#039;acc\u00e9der, de mettre \u00e0 jour ou de supprimer vos informations. Notre site Web fournit des outils permettant aux utilisateurs d&#039;effectuer ces actions sur leurs profils. Vous pouvez \u00e9galement nous contacter directement pour r\u00e9pondre \u00e0 ces demandes.<\/p>\n\n\n\n<p>Vous avez le droit de nous demander de ne pas traiter vos donn\u00e9es personnelles \u00e0 des fins de marketing. Je vous informerai g\u00e9n\u00e9ralement (avant de collecter vos donn\u00e9es) si j&#039;ai l&#039;intention d&#039;utiliser vos donn\u00e9es \u00e0 de telles fins ou si j&#039;ai l&#039;intention de divulguer vos informations \u00e0 un tiers \u00e0 de telles fins. Vous pouvez exercer votre droit d&#039;opposition \u00e0 un tel traitement en cochant certaines cases sur les formulaires que j&#039;utilise pour collecter vos donn\u00e9es. Vous pouvez \u00e9galement exercer ce droit \u00e0 tout moment en <a href=\"https:\/\/dinamiktours.eus\/fr\/contact\/\" data-type=\"page\" data-id=\"349\">me contacter<\/a><\/p>\n\n\n\n<p>Ce site peut, de temps \u00e0 autre, contenir des liens vers et depuis des sites Web de services ou de r\u00e9seaux externes, comme Instagram ou WhatsApp. Si vous suivez un lien vers l\u2019un de ces sites Web, veuillez noter que ces sites Web ont leurs propres politiques de confidentialit\u00e9 et que je n\u2019accepte aucune responsabilit\u00e9 quant \u00e0 ces politiques. Veuillez v\u00e9rifier ces politiques avant de soumettre des donn\u00e9es personnelles \u00e0 ces sites Web.<\/p>\n\n\n\n<h2 class=\"wp-block-heading has-medium-font-size\"><strong>Acc\u00e8s \u00e0 l&#039;information<\/strong><\/h2>\n\n\n\n<p>La loi vous donne le droit d&#039;acc\u00e9der aux informations d\u00e9tenues \u00e0 votre sujet. Votre droit d&#039;acc\u00e8s peut \u00eatre exerc\u00e9 conform\u00e9ment \u00e0 la Loi.<\/p>\n\n\n\n<h2 class=\"wp-block-heading has-large-font-size\"><strong>7. Services tiers<\/strong><\/h2>\n\n\n\n<p>Ce site peut inclure des liens vers des sites Web ou des services tiers qui ne sont pas exploit\u00e9s par nous. Je ne suis pas responsable des pratiques de confidentialit\u00e9 de ces sites et vous encourage \u00e0 consulter leurs politiques de confidentialit\u00e9.<\/p>\n\n\n\n<h2 class=\"wp-block-heading has-large-font-size\"><strong>8. Modifications de cette politique<\/strong><\/h2>\n\n\n\n<p>Je peux mettre \u00e0 jour ma politique de confidentialit\u00e9 p\u00e9riodiquement. Je vous informerai de tout changement en publiant la nouvelle politique de confidentialit\u00e9 sur cette page. Il vous est conseill\u00e9 de consulter p\u00e9riodiquement cette politique de confidentialit\u00e9 pour tout changement.<\/p>\n\n\n\n<h2 class=\"wp-block-heading has-large-font-size\"><strong>9. Contactez-nous<\/strong><\/h2>\n\n\n\n<p>Si vous avez des questions sur cette politique de confidentialit\u00e9, veuillez <a href=\"https:\/\/dinamiktours.eus\/fr\/contact\/\" data-type=\"page\" data-id=\"349\">Contactez moi<\/a><\/p>","protected":false},"excerpt":{"rendered":"<p>1. Introduction Welcome to dinamiktours.eus, operated by Maria Angel Manovel Ib\u00e1\u00f1ez (VAT ID 10059139C), located in 48014-Bilbao, Spain. This Privacy Policy governs your use of this website including dinamiktours.eus, dinamiktours.com, and dinamiktours.eu, detailing how I collect, use, and safeguard your information. 2. Information Collection and Use This site collect various types of information for enhancing [&hellip;]<\/p>\n","protected":false},"author":1,"featured_media":4982,"parent":0,"menu_order":0,"comment_status":"closed","ping_status":"open","template":"","meta":{"footnotes":""},"class_list":["post-3","page","type-page","status-publish","has-post-thumbnail","hentry"],"blocksy_meta":{"has_hero_section":"enabled","hero_section":"type-2","pageExcerptColor":{"default":{"color":"var(--theme-palette-color-8)"}},"pageTitleFont":{"family":"Default","variation":"Default","size":{"desktop":"70px","tablet":"70px","mobile":"70px"},"line-height":"CT_CSS_SKIP_RULE","letter-spacing":"CT_CSS_SKIP_RULE","text-transform":"CT_CSS_SKIP_RULE","text-decoration":"CT_CSS_SKIP_RULE"},"pageTitleOverlay":{"background_type":"color","background_pattern":"type-1","background_image":{"attachment_id":null,"x":0,"y":0},"gradient":"linear-gradient(135deg,rgba(6,147,227,1) 0%,rgb(155,81,224) 100%)","background_repeat":"repeat","background_size":"auto","background_attachment":"scroll","patternColor":{"default":{"color":"#e5e7ea"}},"overlayColor":{"default":{"color":"CT_CSS_SKIP_RULE"}},"backgroundColor":{"default":{"color":"rgba(18, 21, 26, 0.51)"}}},"styles_descriptor":{"styles":{"desktop":"[data-prefix=\"single_page\"] .entry-header .page-title {--theme-font-size:70px;--theme-heading-color:var(--theme-palette-color-7);} [data-prefix=\"single_page\"] .entry-header .entry-meta {--theme-font-weight:600;--theme-text-transform:uppercase;--theme-font-size:12px;--theme-line-height:1.3;} [data-prefix=\"single_page\"] .entry-header .page-description {--theme-text-color:var(--theme-palette-color-8);} [data-prefix=\"single_page\"] .hero-section[data-type=\"type-2\"] > figure .ct-media-container:after {background-color:rgba(18, 21, 26, 0.51);} [data-prefix=\"single_page\"] .hero-section[data-type=\"type-2\"] {background-color:var(--theme-palette-color-6);background-image:none;--container-padding:50px 0px;}","tablet":"","mobile":""},"google_fonts":[],"version":6},"pageTitleFontColor":{"default":{"color":"var(--theme-palette-color-7)"}}},"_links":{"self":[{"href":"https:\/\/dinamiktours.eus\/fr\/wp-json\/wp\/v2\/pages\/3","targetHints":{"allow":["GET"]}}],"collection":[{"href":"https:\/\/dinamiktours.eus\/fr\/wp-json\/wp\/v2\/pages"}],"about":[{"href":"https:\/\/dinamiktours.eus\/fr\/wp-json\/wp\/v2\/types\/page"}],"author":[{"embeddable":true,"href":"https:\/\/dinamiktours.eus\/fr\/wp-json\/wp\/v2\/users\/1"}],"replies":[{"embeddable":true,"href":"https:\/\/dinamiktours.eus\/fr\/wp-json\/wp\/v2\/comments?post=3"}],"version-history":[{"count":6,"href":"https:\/\/dinamiktours.eus\/fr\/wp-json\/wp\/v2\/pages\/3\/revisions"}],"predecessor-version":[{"id":1049,"href":"https:\/\/dinamiktours.eus\/fr\/wp-json\/wp\/v2\/pages\/3\/revisions\/1049"}],"wp:featuredmedia":[{"embeddable":true,"href":"https:\/\/dinamiktours.eus\/fr\/wp-json\/wp\/v2\/media\/4982"}],"wp:attachment":[{"href":"https:\/\/dinamiktours.eus\/fr\/wp-json\/wp\/v2\/media?parent=3"}],"curies":[{"name":"wp","href":"https:\/\/api.w.org\/{rel}","templated":true}]}}