{"id":3,"date":"2024-05-05T19:52:06","date_gmt":"2024-05-05T19:52:06","guid":{"rendered":"https:\/\/dinamiktours.eus\/?page_id=3"},"modified":"2025-04-24T03:29:08","modified_gmt":"2025-04-24T01:29:08","slug":"politica-de-privacidad","status":"publish","type":"page","link":"https:\/\/dinamiktours.eus\/es\/privacy-policy\/","title":{"rendered":"pol\u00edtica de privacidad"},"content":{"rendered":"<h2 class=\"wp-block-heading has-large-font-size\"><strong>1. Introducci\u00f3n<\/strong><\/h2>\n\n\n\n<p>Bienvenido a dinamiktours.eus, operado por Maria Angel Manovel Ib\u00e1\u00f1ez (NIF 10059139C), ubicado en 48014-Bilbao, Espa\u00f1a. Esta Pol\u00edtica de Privacidad rige el uso de este sitio web, incluidos dinamiktours.eus, dinamiktours.com y dinamiktours.eu, y detalla c\u00f3mo recopilo, uso y salvaguardo su informaci\u00f3n.<\/p>\n\n\n\n<h2 class=\"wp-block-heading has-large-font-size\"><strong>2. Recopilaci\u00f3n y uso de informaci\u00f3n<\/strong><\/h2>\n\n\n\n<p>Este sitio recopila varios tipos de informaci\u00f3n para mejorar los servicios generales y su experiencia:<\/p>\n\n\n\n<ul class=\"wp-block-list\">\n<li><strong>Informacion personal:<\/strong> Incluye datos proporcionados directamente por usted a trav\u00e9s de formularios, comentarios o durante el registro, como su nombre, direcci\u00f3n de correo electr\u00f3nico y datos de contacto.<\/li>\n\n\n\n<li><strong>Datos de uso:<\/strong> Recopilados autom\u00e1ticamente cuando utiliza mi sitio, incluidas las direcciones IP, el tipo de navegador y los detalles de navegaci\u00f3n a trav\u00e9s de cookies.<\/li>\n\n\n\n<li><strong>Galletas:<\/strong> Utilizo cookies para recordar tus preferencias y facilitar la navegaci\u00f3n. Puede controlar la configuraci\u00f3n de cookies a trav\u00e9s de su navegador.<\/li>\n<\/ul>\n\n\n\n<h3 class=\"wp-block-heading has-medium-font-size\"><strong>Direcciones IP<\/strong><\/h3>\n\n\n\n<p>Este sitio web puede recopilar informaci\u00f3n sobre su computadora, incluida, cuando est\u00e9 disponible, su direcci\u00f3n IP, sistema operativo y tipo de navegador o para la administraci\u00f3n del sistema. Se trata de datos estad\u00edsticos sobre las acciones y patrones de navegaci\u00f3n de los usuarios, y no identifican a ning\u00fan individuo.<\/p>\n\n\n\n<h2 class=\"wp-block-heading has-medium-font-size\"><strong>Galletas<\/strong><\/h2>\n\n\n\n<p>Por el mismo motivo, puedo obtener informaci\u00f3n sobre su uso general de Internet mediante el uso de un archivo cookie que se almacena en su navegador o en el disco duro de su computadora. Las cookies contienen informaci\u00f3n que se transfiere al disco duro de su computadora. Nos ayudan a mejorar mi sitio y a ofrecer un servicio mejor y m\u00e1s personalizado. Algunas de las cookies que utilizo son esenciales para que el sitio funcione.<\/p>\n\n\n\n<p>Si solicita mis servicios o si contin\u00faa usando mi sitio, acepta el uso de cookies.<\/p>\n\n\n\n<p>Puedes bloquear las cookies activando la configuraci\u00f3n en tu navegador que te permite rechazar la instalaci\u00f3n de todas o algunas de las cookies. Sin embargo, si utiliza la configuraci\u00f3n de su navegador para bloquear todas las cookies (incluidas las cookies esenciales), es posible que no pueda acceder a todo o parte de mi sitio. A menos que haya ajustado la configuraci\u00f3n de su navegador para que rechace las cookies, el sistema del sitio web emitir\u00e1 cookies tan pronto como visite nuestro sitio.<\/p>\n\n\n\n<h2 class=\"wp-block-heading has-large-font-size\"><strong>3. Intercambio de datos<\/strong><\/h2>\n\n\n\n<p>No vendo tus datos. Puedo compartir su informaci\u00f3n con proveedores de servicios bajo contrato que ayudan con partes de las operaciones comerciales (prevenci\u00f3n de fraude, marketing, servicios de tecnolog\u00eda). Mis contratos dictan que estos proveedores de servicios solo usan su informaci\u00f3n en relaci\u00f3n con los servicios que prestan para nosotros y no para su propio beneficio.<\/p>\n\n\n\n<h2 class=\"wp-block-heading has-large-font-size\"><strong>4. Seguridad de los datos<\/strong><\/h2>\n\n\n\n<p>Este sitio emplea medidas de seguridad para proteger su informaci\u00f3n contra acceso no autorizado, alteraci\u00f3n y destrucci\u00f3n. Utiliza cifrado SSL para la transmisi\u00f3n de datos y actualiza y prueba activamente la tecnolog\u00eda de seguridad.<\/p>\n\n\n\n<p>Los datos que puedo recopilar de usted pueden transferirse y almacenarse en un destino fuera del Espacio Econ\u00f3mico Europeo (\u201cEEE\u201d). Tambi\u00e9n puede ser procesado por personal que opere fuera del EEE y que trabaje para m\u00ed o para uno de mis proveedores. Dicho personal puede participar, entre otras cosas, en la consideraci\u00f3n y el procesamiento de su solicitud. Al enviar sus datos personales, acepta este almacenamiento o procesamiento. Tomar\u00e9 todas las medidas razonablemente necesarias para garantizar que sus datos sean tratados de forma segura y de acuerdo con esta pol\u00edtica de privacidad.<\/p>\n\n\n\n<h2 class=\"wp-block-heading has-large-font-size\"><strong>5. Retenci\u00f3n de datos<\/strong><\/h2>\n\n\n\n<p>Conservar\u00e9 la informaci\u00f3n personal durante el tiempo que sea necesario para cumplir con los prop\u00f3sitos descritos en esta pol\u00edtica de privacidad, a menos que la ley requiera o permita un per\u00edodo de retenci\u00f3n m\u00e1s largo.<\/p>\n\n\n\n<h2 class=\"wp-block-heading has-large-font-size\"><strong>6. Tus derechos<\/strong><\/h2>\n\n\n\n<p>Tiene derecho a acceder, actualizar o eliminar su informaci\u00f3n. Nuestro sitio web proporciona herramientas para que los usuarios realicen estas acciones en sus perfiles. Tambi\u00e9n puede contactarnos directamente para ayudarlo con estas solicitudes.<\/p>\n\n\n\n<p>Tiene derecho a solicitarnos que no procesemos sus datos personales con fines de marketing. Normalmente le informar\u00e9 (antes de recopilar sus datos) si tengo la intenci\u00f3n de utilizarlos para dichos fines o si tengo la intenci\u00f3n de revelar su informaci\u00f3n a un tercero para dichos fines. Puede ejercer su derecho a impedir dicho procesamiento marcando ciertas casillas en los formularios que utilizo para recopilar sus datos. Tambi\u00e9n podr\u00e1 ejercitar el derecho en cualquier momento mediante <a href=\"https:\/\/dinamiktours.eus\/es\/contacto\/\" data-type=\"page\" data-id=\"349\">contact\u00e1ndome<\/a><\/p>\n\n\n\n<p>Este sitio puede, de vez en cuando, contener enlaces hacia y desde sitios web de servicios o redes externos, como Instagram o WhatsApp. Si sigue un enlace a cualquiera de estos sitios web, tenga en cuenta que estos sitios web tienen sus propias pol\u00edticas de privacidad y que no acepto ninguna responsabilidad por estas pol\u00edticas. Consulte estas pol\u00edticas antes de enviar datos personales a estos sitios web.<\/p>\n\n\n\n<h2 class=\"wp-block-heading has-medium-font-size\"><strong>Acceso a la informaci\u00f3n<\/strong><\/h2>\n\n\n\n<p>La Ley le otorga derecho a acceder a la informaci\u00f3n que tenemos sobre usted. Su derecho de acceso podr\u00e1 ejercerse conforme a la Ley.<\/p>\n\n\n\n<h2 class=\"wp-block-heading has-large-font-size\"><strong>7. Servicios de terceros<\/strong><\/h2>\n\n\n\n<p>Este sitio puede incluir enlaces a sitios web o servicios de terceros que no son operados por nosotros. No soy responsable de las pr\u00e1cticas de privacidad de estos sitios y le recomiendo que revise sus pol\u00edticas de privacidad.<\/p>\n\n\n\n<h2 class=\"wp-block-heading has-large-font-size\"><strong>8. Cambios a esta pol\u00edtica<\/strong><\/h2>\n\n\n\n<p>Puedo actualizar mi Pol\u00edtica de Privacidad peri\u00f3dicamente. Le notificar\u00e9 cualquier cambio publicando la nueva Pol\u00edtica de Privacidad en esta p\u00e1gina. Se le recomienda revisar esta Pol\u00edtica de Privacidad peri\u00f3dicamente para detectar cualquier cambio.<\/p>\n\n\n\n<h2 class=\"wp-block-heading has-large-font-size\"><strong>9. Cont\u00e1ctenos<\/strong><\/h2>\n\n\n\n<p>Si tiene alguna pregunta sobre esta Pol\u00edtica de Privacidad, por favor <a href=\"https:\/\/dinamiktours.eus\/es\/contacto\/\" data-type=\"page\" data-id=\"349\">cont\u00e1ctame<\/a><\/p>","protected":false},"excerpt":{"rendered":"<p>1. Introduction Welcome to dinamiktours.eus, operated by Maria Angel Manovel Ib\u00e1\u00f1ez (VAT ID 10059139C), located in 48014-Bilbao, Spain. This Privacy Policy governs your use of this website including dinamiktours.eus, dinamiktours.com, and dinamiktours.eu, detailing how I collect, use, and safeguard your information. 2. Information Collection and Use This site collect various types of information for enhancing [&hellip;]<\/p>\n","protected":false},"author":1,"featured_media":4982,"parent":0,"menu_order":0,"comment_status":"closed","ping_status":"open","template":"","meta":{"footnotes":""},"class_list":["post-3","page","type-page","status-publish","has-post-thumbnail","hentry"],"blocksy_meta":{"has_hero_section":"enabled","hero_section":"type-2","pageExcerptColor":{"default":{"color":"var(--theme-palette-color-8)"}},"pageTitleFont":{"family":"Default","variation":"Default","size":{"desktop":"70px","tablet":"70px","mobile":"70px"},"line-height":"CT_CSS_SKIP_RULE","letter-spacing":"CT_CSS_SKIP_RULE","text-transform":"CT_CSS_SKIP_RULE","text-decoration":"CT_CSS_SKIP_RULE"},"pageTitleOverlay":{"background_type":"color","background_pattern":"type-1","background_image":{"attachment_id":null,"x":0,"y":0},"gradient":"linear-gradient(135deg,rgba(6,147,227,1) 0%,rgb(155,81,224) 100%)","background_repeat":"repeat","background_size":"auto","background_attachment":"scroll","patternColor":{"default":{"color":"#e5e7ea"}},"overlayColor":{"default":{"color":"CT_CSS_SKIP_RULE"}},"backgroundColor":{"default":{"color":"rgba(18, 21, 26, 0.51)"}}},"styles_descriptor":{"styles":{"desktop":"[data-prefix=\"single_page\"] .entry-header .page-title {--theme-font-size:70px;--theme-heading-color:var(--theme-palette-color-7);} [data-prefix=\"single_page\"] .entry-header .entry-meta {--theme-font-weight:600;--theme-text-transform:uppercase;--theme-font-size:12px;--theme-line-height:1.3;} [data-prefix=\"single_page\"] .entry-header .page-description {--theme-text-color:var(--theme-palette-color-8);} [data-prefix=\"single_page\"] .hero-section[data-type=\"type-2\"] > figure .ct-media-container:after {background-color:rgba(18, 21, 26, 0.51);} [data-prefix=\"single_page\"] .hero-section[data-type=\"type-2\"] {background-color:var(--theme-palette-color-6);background-image:none;--container-padding:50px 0px;}","tablet":"","mobile":""},"google_fonts":[],"version":6},"pageTitleFontColor":{"default":{"color":"var(--theme-palette-color-7)"}}},"_links":{"self":[{"href":"https:\/\/dinamiktours.eus\/es\/wp-json\/wp\/v2\/pages\/3","targetHints":{"allow":["GET"]}}],"collection":[{"href":"https:\/\/dinamiktours.eus\/es\/wp-json\/wp\/v2\/pages"}],"about":[{"href":"https:\/\/dinamiktours.eus\/es\/wp-json\/wp\/v2\/types\/page"}],"author":[{"embeddable":true,"href":"https:\/\/dinamiktours.eus\/es\/wp-json\/wp\/v2\/users\/1"}],"replies":[{"embeddable":true,"href":"https:\/\/dinamiktours.eus\/es\/wp-json\/wp\/v2\/comments?post=3"}],"version-history":[{"count":6,"href":"https:\/\/dinamiktours.eus\/es\/wp-json\/wp\/v2\/pages\/3\/revisions"}],"predecessor-version":[{"id":1049,"href":"https:\/\/dinamiktours.eus\/es\/wp-json\/wp\/v2\/pages\/3\/revisions\/1049"}],"wp:featuredmedia":[{"embeddable":true,"href":"https:\/\/dinamiktours.eus\/es\/wp-json\/wp\/v2\/media\/4982"}],"wp:attachment":[{"href":"https:\/\/dinamiktours.eus\/es\/wp-json\/wp\/v2\/media?parent=3"}],"curies":[{"name":"wp","href":"https:\/\/api.w.org\/{rel}","templated":true}]}}