{"id":3639,"date":"2024-05-07T21:28:14","date_gmt":"2024-05-07T19:28:14","guid":{"rendered":"https:\/\/dinamiktours.eus\/?page_id=3639"},"modified":"2025-04-24T23:31:57","modified_gmt":"2025-04-24T21:31:57","slug":"rioja-alavesa-5","status":"publish","type":"page","link":"https:\/\/dinamiktours.eus\/de\/rioja-alavesa-5\/","title":{"rendered":"Txakoli + San Juan de Gaztelugatxe + Bermeo"},"content":{"rendered":"<div class=\"wp-block-stackable-columns aligncenter stk-block-columns stk-block stk-4830b9c stk-block-background\" data-block-id=\"4830b9c\"><style>.stk-4830b9c {background-color:#f6f6f6 !important;padding-top:80px !important;padding-bottom:80px !important;margin-bottom:23px !important;}.stk-4830b9c:before{background-color:#f6f6f6 !important;}.stk-4830b9c-column{--stk-column-gap:64px !important;}<\/style><div class=\"stk-row stk-inner-blocks stk-block-content stk-content-align stk-4830b9c-column\">\n<div class=\"wp-block-stackable-column stk-block-column stk-column stk-block stk-63dc570\" data-v=\"4\" data-block-id=\"63dc570\"><style>.stk-63dc570 {align-self:center !important;}@media screen and (min-width:690px){.stk-63dc570 {flex:var(--stk-flex-grow, 1) 1 calc(59.999999999999986% - var(--stk-column-gap, 0px) * 1 \/ 2 ) !important;}}<\/style><div class=\"stk-column-wrapper stk-block-column__content stk-container stk-63dc570-container stk--no-background stk--no-padding\"><div class=\"stk-block-content stk-inner-blocks stk-63dc570-inner-blocks\">\n<div class=\"wp-block-stackable-subtitle stk-block-subtitle stk-block stk-7ae7225\" data-block-id=\"7ae7225\"><style>.stk-7ae7225 {margin-bottom:8px !important;}.stk-7ae7225 .stk-block-subtitle__text{font-size:16px !important;color:#ed5521 !important;font-weight:bold !important;text-transform:uppercase !important;font-family:\"Inter\", Sans-serif !important;letter-spacing:1px !important;}@media screen and (max-width:999px){.stk-7ae7225 .stk-block-subtitle__text{font-size:16px !important;}}<\/style><p class=\"stk-block-subtitle__text stk-subtitle has-text-color\">#1 Bestseller<\/p><\/div>\n\n\n\n<div class=\"wp-block-stackable-heading stk-block-heading stk-block-heading--v2 stk-block stk-96afb49\" id=\"txakoli-san-juan-de-gaztelugatxe-bermeo\" data-block-id=\"96afb49\"><style>.stk-96afb49 .stk-block-heading__text{font-size:56px !important;color:#1a1a1a !important;font-weight:800 !important;font-family:\"Raleway\", Sans-serif !important;}@media screen and (max-width:999px){.stk-96afb49 .stk-block-heading__text{font-size:50px !important;}}<\/style><h2 class=\"stk-block-heading__text has-text-color\">Txakoli + San Juan de Gaztelugatxe + Bermeo <\/h2><\/div>\n\n\n\n<div class=\"wp-block-stackable-divider stk-block-divider stk-block stk-bac9aca\" data-block-id=\"bac9aca\"><style>.stk-bac9aca hr.stk-block-divider__hr{background:#b9b9b9 !important;width:100% !important;}.stk-bac9aca {margin-top:24px !important;margin-bottom:0px !important;}<\/style><hr class=\"stk-block-divider__hr\"\/><\/div>\n\n\n\n<div class=\"wp-block-stackable-columns stk-block-columns stk-block stk-454425b\" data-block-id=\"454425b\"><style>.stk-454425b {margin-bottom:0px !important;}<\/style><div class=\"stk-row stk-inner-blocks stk-block-content stk-content-align stk-454425b-column\">\n<div class=\"wp-block-stackable-column stk-block-column stk-column stk-block stk-96ae8e9\" data-v=\"4\" data-block-id=\"96ae8e9\"><div class=\"stk-column-wrapper stk-block-column__content stk-container stk-96ae8e9-container stk--no-background stk--no-padding\"><div class=\"stk-block-content stk-inner-blocks stk-96ae8e9-inner-blocks\">\n<div class=\"wp-block-stackable-subtitle stk-block-subtitle stk-block stk-92cc269\" data-block-id=\"92cc269\"><style>.stk-92cc269 {margin-bottom:0px !important;}.stk-92cc269 .stk-block-subtitle__text{font-size:16px !important;color:#919191 !important;font-family:\"Inter\", Sans-serif !important;}@media screen and (max-width:999px){.stk-92cc269 .stk-block-subtitle__text{font-size:16px !important;}}<\/style><p class=\"stk-block-subtitle__text stk-subtitle has-text-color\">Verf\u00fcgbare Sprachen<\/p><\/div>\n\n\n\n<div class=\"wp-block-stackable-heading stk-block-heading stk-block-heading--v2 stk-block stk-7e13b3a\" id=\"en-es-fr\" data-block-id=\"7e13b3a\"><style>.stk-7e13b3a .stk-block-heading__text{font-size:24px !important;color:#1a1a1a !important;font-weight:400 !important;font-family:\"Raleway\", Sans-serif !important;}@media screen and (max-width:999px){.stk-7e13b3a .stk-block-heading__text{font-size:24px !important;}}<\/style><h2 class=\"stk-block-heading__text has-text-color\">EN ES FR<\/h2><\/div>\n<\/div><\/div><\/div>\n\n\n\n<div class=\"wp-block-stackable-column stk-block-column stk-column stk-block stk-bfe9ed4\" data-v=\"4\" data-block-id=\"bfe9ed4\"><div class=\"stk-column-wrapper stk-block-column__content stk-container stk-bfe9ed4-container stk--no-background stk--no-padding\"><div class=\"stk-block-content stk-inner-blocks stk-bfe9ed4-inner-blocks\">\n<div class=\"wp-block-stackable-subtitle stk-block-subtitle stk-block stk-a9acf20\" data-block-id=\"a9acf20\"><style>.stk-a9acf20 {margin-bottom:0px !important;}.stk-a9acf20 .stk-block-subtitle__text{font-size:16px !important;color:#919191 !important;font-family:\"Inter\", Sans-serif !important;}@media screen and (max-width:999px){.stk-a9acf20 .stk-block-subtitle__text{font-size:16px !important;}}<\/style><p class=\"stk-block-subtitle__text stk-subtitle has-text-color\">Schwierigkeitslevel<\/p><\/div>\n\n\n\n<div class=\"wp-block-stackable-heading stk-block-heading stk-block-heading--v2 stk-block stk-e2f62b4\" id=\"varies-some-walking-involved-mostly-by-vehicle\" data-block-id=\"e2f62b4\"><style>.stk-e2f62b4 .stk-block-heading__text{font-size:24px !important;color:#1a1a1a !important;font-weight:400 !important;font-family:\"Raleway\", Sans-serif !important;}@media screen and (max-width:999px){.stk-e2f62b4 .stk-block-heading__text{font-size:24px !important;}}<\/style><h2 class=\"stk-block-heading__text has-text-color\">Variiert (teilweise zu Fu\u00df, gr\u00f6\u00dftenteils mit dem Auto)<\/h2><\/div>\n<\/div><\/div><\/div>\n\n\n\n<div class=\"wp-block-stackable-column stk-block-column stk-column stk-block stk-dc60c94\" data-v=\"4\" data-block-id=\"dc60c94\"><div class=\"stk-column-wrapper stk-block-column__content stk-container stk-dc60c94-container stk--no-background stk--no-padding\"><div class=\"stk-block-content stk-inner-blocks stk-dc60c94-inner-blocks\">\n<div class=\"wp-block-stackable-subtitle stk-block-subtitle stk-block stk-3f1c07b\" data-block-id=\"3f1c07b\"><style>.stk-3f1c07b {margin-bottom:0px !important;}.stk-3f1c07b .stk-block-subtitle__text{font-size:16px !important;color:#919191 !important;font-family:\"Inter\", Sans-serif !important;}@media screen and (max-width:999px){.stk-3f1c07b .stk-block-subtitle__text{font-size:16px !important;}}<\/style><p class=\"stk-block-subtitle__text stk-subtitle has-text-color\">Dauer<\/p><\/div>\n\n\n\n<div class=\"wp-block-stackable-heading stk-block-heading stk-block-heading--v2 stk-block stk-4e7248f\" id=\"7-hours\" data-block-id=\"4e7248f\"><style>.stk-4e7248f .stk-block-heading__text{font-size:24px !important;color:#1a1a1a !important;font-weight:400 !important;font-family:\"Raleway\", Sans-serif !important;}@media screen and (max-width:999px){.stk-4e7248f .stk-block-heading__text{font-size:24px !important;}}<\/style><h2 class=\"stk-block-heading__text has-text-color\">7 Hours<\/h2><\/div>\n<\/div><\/div><\/div>\n<\/div><\/div>\n\n\n\n<div class=\"wp-block-stackable-text stk-block-text stk-block stk-ac756ed\" data-block-id=\"ac756ed\"><style>.stk-ac756ed .stk-block-text__text{color:#111111 !important;}<\/style><p class=\"stk-block-text__text has-text-color has-stk-global-color-78455-color\">This tour offers a mix of cultural and scenic experiences in the Basque Country. It includes a visit to a traditional winery that produces Bizkaiko Txakolina wine, a stop at the breathtaking San Juan de Gaztelugatxe with views from the balcony, and a tour of the charming town of Bermeo. After some free time, you can optionally enjoy a walk to the San Juan de Gaztelugatxe hermitage or along Bakio beach. Reservation to a remarkable family restaurant known for its quality available.<\/p><\/div>\n\n\n\n<p><strong>Highlights:<\/strong><\/p>\n\n\n\n<ul class=\"wp-block-list\">\n<li><strong>Visiting a Txakoli Winery<\/strong>: Discover the traditional Basque winemaking process and taste the unique Bizkaiko Txakoli\u00f1a wine.<\/li>\n\n\n\n<li><strong>San Juan de Gaztelugatxe<\/strong>: Enjoy stunning views of this iconic island with its historic hermitage, known for its dramatic landscape and &#8220;Game of Thrones&#8221; fame.<\/li>\n\n\n\n<li><strong>Bermeo<\/strong>: Explore the charming coastal town, with its colorful buildings and rich maritime history.<\/li>\n\n\n\n<li><strong>Optional Activities<\/strong>: Hike to the San Juan de Gaztelugatxe hermitage for breathtaking views or take a relaxing walk along Bakio Beach.<\/li>\n\n\n\n<li><strong>Repsol Sol Restaurant<\/strong>: Savor delicious Basque cuisine at a top-rated restaurant.<\/li>\n<\/ul>\n\n\n\n<p><strong>Weitere Informationen:<\/strong><\/p>\n\n\n\n<ul class=\"wp-block-list\">\n<li><strong>Zielgruppe:<\/strong> This tour offers a blend of Basque culture, stunning landscapes, and gastronomy. It includes a visit to a Txakoli winery, the iconic San Juan de Gaztelugatxe, the coastal town of Bermeo, and optional walks to the hermitage or Bakio Beach. The tour ends with a meal at a top-rated Basque restaurant.<\/li>\n\n\n\n<li><strong>Einschl\u00fcsse:<\/strong>Visit to a Txakoli Winery, Visit to San Juan de Gaztelugatxe, Visit to Bermeo,  Optional walk to the San Juan de Gaztelugatxe hermitage. Optional walk along Bakio Beach and Meal at a Repsol 1-Sol restaurant<\/li>\n\n\n\n<li><strong>Ausschl\u00fcsse:<\/strong> It does not include admission to the Fisherman&#8217;s Museum or meal <\/li>\n<\/ul>\n\n\n\n<p>This tour is perfect for those who enjoy nature, history, and local culture. It&#8217;s ideal for travelers looking to explore scenic landscapes, learn about Basque traditions, and experience authentic local cuisine. The mix of sightseeing and optional walks also appeals to those who enjoy a bit of adventure.<\/p>\n\n\n\n<div class=\"wp-block-stackable-spacer stk-block-spacer stk--no-padding stk-block stk-a22c61c\" data-block-id=\"a22c61c\"><style>.stk-a22c61c {height:24px !important;}<\/style><\/div>\n\n\n\n<div class=\"wp-block-stackable-button-group stk-block-button-group stk-block stk-f361e31\" data-block-id=\"f361e31\"><div class=\"stk-row stk-inner-blocks stk-block-content stk-button-group\">\n<div class=\"wp-block-stackable-button stk-block-button stk-block stk-9dca791\" data-block-id=\"9dca791\"><style>.stk-9dca791 .stk-button{background:var(--theme-palette-color-2, #fd9101) !important;}.stk-9dca791 .stk-button__inner-text{font-size:18px !important;color:var(--stk-global-color-58834, #ffffff) !important;font-family:\"Inter\", Sans-serif !important;}@media screen and (max-width:999px){.stk-9dca791 .stk-button__inner-text{font-size:18px !important;}}<\/style><a class=\"stk-link stk-button stk--hover-effect-darken\" href=\"https:\/\/dinamiktours.eus\/de\/kontakt\/\"><span class=\"has-text-color has-stk-global-color-58834-color stk-button__inner-text\">buchen Sie jetzt<\/span><\/a><\/div>\n\n\n\n<div class=\"wp-block-stackable-button stk-block-button is-style-ghost stk-block stk-9b492b3\" data-block-id=\"9b492b3\"><style>.stk-9b492b3 .stk-button{background:transparent !important;}.stk-9b492b3 .stk-button:hover:after{background:var(--theme-palette-color-2, #fd9101) !important;opacity:1 !important;}:where(.stk-hover-parent:hover,  .stk-hover-parent.stk--is-hovered) .stk-9b492b3 .stk-button:after{background:transparent !important;opacity:1 !important;}.stk-9b492b3 .stk-button:before{border-style:solid !important;border-color:var(--theme-palette-color-2, #fd9101) !important;}.stk-9b492b3 .stk-button:hover:before{border-color:transparent !important;}.stk-9b492b3 .stk-button .stk--inner-svg svg:last-child, .stk-9b492b3 .stk-button .stk--inner-svg svg:last-child :is(g, path, rect, polygon, ellipse){fill:var(--theme-palette-color-2, #fd9101) !important;}.stk-9b492b3 .stk-button:hover .stk--inner-svg svg:last-child, .stk-9b492b3 .stk-button:hover .stk--inner-svg svg:last-child :is(g, path, rect, polygon, ellipse){fill:var(--stk-global-color-58834, #ffffff) !important;}.stk-9b492b3 .stk-button__inner-text{font-size:18px !important;color:var(--theme-palette-color-2, #fd9101) !important;}.stk-9b492b3 .stk-button:hover .stk-button__inner-text{color:var(--stk-global-color-58834, #ffffff) !important;}@media screen and (max-width:999px){.stk-9b492b3 .stk-button__inner-text{font-size:18px !important;}}<\/style><a class=\"stk-link stk-button stk--hover-effect-darken\" href=\"https:\/\/dinamiktours.eus\/de\/kontakt\/\"><span class=\"stk--svg-wrapper\"><div class=\"stk--inner-svg\"><svg data-prefix=\"fas\" data-icon=\"heart\" class=\"svg-inline--fa fa-heart fa-w-16\" xmlns=\"http:\/\/www.w3.org\/2000\/svg\" viewbox=\"0 0 512 512\" aria-hidden=\"true\" width=\"32\" height=\"32\"><path fill=\"currentColor\" d=\"M462.3 62.6C407.5 15.9 326 24.3 275.7 76.2L256 96.5l-19.7-20.3C186.1 24.3 104.5 15.9 49.7 62.6c-62.8 53.6-66.1 149.8-9.9 207.9l193.5 199.8c12.5 12.9 32.8 12.9 45.3 0l193.5-199.8c56.3-58.1 53-154.3-9.8-207.9z\"><\/path><\/svg><\/div><\/span><span class=\"has-text-color stk-button__inner-text\">Zu den Favoriten hinzuf\u00fcgen<\/span><\/a><\/div>\n<\/div><\/div>\n<\/div><\/div><\/div>\n\n\n\n<div class=\"wp-block-stackable-column stk-block-column stk-column stk-block stk-6425171\" data-v=\"4\" data-block-id=\"6425171\"><style>.stk-6425171-container{margin-top:75px !important;}.stk-6425171 {align-self:flex-start !important;}@media screen and (min-width:690px){.stk-6425171 {flex:var(--stk-flex-grow, 1) 1 calc(40.000000000000014% - var(--stk-column-gap, 0px) * 1 \/ 2 ) !important;}}<\/style><div class=\"stk-column-wrapper stk-block-column__content stk-container stk-6425171-container stk--no-background stk--no-padding\"><div class=\"stk-block-content stk-inner-blocks stk-6425171-inner-blocks\">\n<div class=\"wp-block-stackable-image stk-block-image stk-block stk-1c25e44\" data-block-id=\"1c25e44\"><style>.stk-1c25e44 .stk-img-wrapper{width:100% !important;height:588px !important;}<\/style><figure><span class=\"stk-img-wrapper stk-image--shape-stretch\"><img loading=\"lazy\" decoding=\"async\" class=\"stk-img wp-image-4954\" src=\"https:\/\/dinamiktours.eus\/wp-content\/uploads\/2025\/04\/gaztelugatxe-scaled.jpg\" width=\"2560\" height=\"1920\" srcset=\"https:\/\/dinamiktours.eus\/wp-content\/uploads\/2025\/04\/gaztelugatxe-scaled.jpg 2560w, https:\/\/dinamiktours.eus\/wp-content\/uploads\/2025\/04\/gaztelugatxe-300x225.jpg 300w, https:\/\/dinamiktours.eus\/wp-content\/uploads\/2025\/04\/gaztelugatxe-1024x768.jpg 1024w, https:\/\/dinamiktours.eus\/wp-content\/uploads\/2025\/04\/gaztelugatxe-768x576.jpg 768w, https:\/\/dinamiktours.eus\/wp-content\/uploads\/2025\/04\/gaztelugatxe-1536x1152.jpg 1536w, https:\/\/dinamiktours.eus\/wp-content\/uploads\/2025\/04\/gaztelugatxe-2048x1536.jpg 2048w, https:\/\/dinamiktours.eus\/wp-content\/uploads\/2025\/04\/gaztelugatxe-16x12.jpg 16w\" sizes=\"auto, (max-width: 2560px) 100vw, 2560px\" \/><\/span><\/figure><\/div>\n<\/div><\/div><\/div>\n<\/div><\/div>","protected":false},"excerpt":{"rendered":"<p>This tour blends cultural and scenic experiences in the Basque Country: visit a traditional Bizkaiko Txakolina winery, explore San Juan de Gaztelugatxe with balcony views, and discover Bermeo. Free time for a walk or beach stroll. Optional family restaurant reservation.<\/p>","protected":false},"author":1,"featured_media":8990,"parent":0,"menu_order":0,"comment_status":"closed","ping_status":"closed","template":"","meta":{"footnotes":""},"class_list":["post-3639","page","type-page","status-publish","has-post-thumbnail","hentry"],"blocksy_meta":{"has_hero_section":"enabled","hero_section":"type-2","pageTitleFontColor":{"default":{"color":"var(--theme-palette-color-8)"}},"styles_descriptor":{"styles":{"desktop":"[data-prefix=\"single_page\"] .entry-header .page-title {--theme-font-size:70px;--theme-heading-color:var(--theme-palette-color-8);} [data-prefix=\"single_page\"] .entry-header .entry-meta {--theme-font-weight:600;--theme-text-transform:uppercase;--theme-font-size:12px;--theme-line-height:1.3;} [data-prefix=\"single_page\"] .entry-header .page-description {--theme-text-color:var(--theme-palette-color-8);} [data-prefix=\"single_page\"] .hero-section[data-type=\"type-2\"] > figure .ct-media-container:after {background-color:rgba(18, 21, 26, 0.51);} [data-prefix=\"single_page\"] .hero-section[data-type=\"type-2\"] {background-color:var(--theme-palette-color-6);background-image:none;--container-padding:50px 0px;}","tablet":"","mobile":""},"google_fonts":[],"version":6},"pageTitleFont":{"family":"Default","variation":"Default","size":{"desktop":"70px","tablet":"70px","mobile":"70px"},"line-height":"CT_CSS_SKIP_RULE","letter-spacing":"CT_CSS_SKIP_RULE","text-transform":"CT_CSS_SKIP_RULE","text-decoration":"CT_CSS_SKIP_RULE"},"pageTitleOverlay":{"background_type":"color","background_pattern":"type-1","background_image":{"attachment_id":null,"x":0,"y":0},"gradient":"linear-gradient(135deg,rgba(6,147,227,1) 0%,rgb(155,81,224) 100%)","background_repeat":"repeat","background_size":"auto","background_attachment":"scroll","patternColor":{"default":{"color":"#e5e7ea"}},"overlayColor":{"default":{"color":"CT_CSS_SKIP_RULE"}},"backgroundColor":{"default":{"color":"rgba(18, 21, 26, 0.51)"}}},"pageExcerptColor":{"default":{"color":"var(--theme-palette-color-8)"}}},"_links":{"self":[{"href":"https:\/\/dinamiktours.eus\/de\/wp-json\/wp\/v2\/pages\/3639","targetHints":{"allow":["GET"]}}],"collection":[{"href":"https:\/\/dinamiktours.eus\/de\/wp-json\/wp\/v2\/pages"}],"about":[{"href":"https:\/\/dinamiktours.eus\/de\/wp-json\/wp\/v2\/types\/page"}],"author":[{"embeddable":true,"href":"https:\/\/dinamiktours.eus\/de\/wp-json\/wp\/v2\/users\/1"}],"replies":[{"embeddable":true,"href":"https:\/\/dinamiktours.eus\/de\/wp-json\/wp\/v2\/comments?post=3639"}],"version-history":[{"count":7,"href":"https:\/\/dinamiktours.eus\/de\/wp-json\/wp\/v2\/pages\/3639\/revisions"}],"predecessor-version":[{"id":8991,"href":"https:\/\/dinamiktours.eus\/de\/wp-json\/wp\/v2\/pages\/3639\/revisions\/8991"}],"wp:featuredmedia":[{"embeddable":true,"href":"https:\/\/dinamiktours.eus\/de\/wp-json\/wp\/v2\/media\/8990"}],"wp:attachment":[{"href":"https:\/\/dinamiktours.eus\/de\/wp-json\/wp\/v2\/media?parent=3639"}],"curies":[{"name":"wp","href":"https:\/\/api.w.org\/{rel}","templated":true}]}}