{"id":3,"date":"2024-05-05T19:52:06","date_gmt":"2024-05-05T19:52:06","guid":{"rendered":"https:\/\/dinamiktours.eus\/?page_id=3"},"modified":"2025-04-24T03:29:08","modified_gmt":"2025-04-24T01:29:08","slug":"datenschutzrichtlinie","status":"publish","type":"page","link":"https:\/\/dinamiktours.eus\/de\/privacy-policy\/","title":{"rendered":"Datenschutzrichtlinie"},"content":{"rendered":"<h2 class=\"wp-block-heading has-large-font-size\"><strong>1. Einleitung<\/strong><\/h2>\n\n\n\n<p>Willkommen bei dinamiktours.eus, betrieben von Maria Angel Manovel Ib\u00e1\u00f1ez (USt-IdNr. 10059139C), mit Sitz in 48014-Bilbao, Spanien. Diese Datenschutzrichtlinie regelt Ihre Nutzung dieser Website, einschlie\u00dflich dinamiktours.eus, dinamiktours.com und dinamiktours.eu, und beschreibt im Detail, wie ich Ihre Daten sammle, verwende und sch\u00fctze.<\/p>\n\n\n\n<h2 class=\"wp-block-heading has-large-font-size\"><strong>2. Erfassung und Verwendung von Informationen<\/strong><\/h2>\n\n\n\n<p>Diese Site sammelt verschiedene Arten von Informationen, um die allgemeinen Dienste und Ihr Erlebnis zu verbessern:<\/p>\n\n\n\n<ul class=\"wp-block-list\">\n<li><strong>Pers\u00f6nliche Angaben:<\/strong> Beinhaltet Daten, die Sie direkt \u00fcber Formulare, Kommentare oder bei der Registrierung angeben, wie etwa Ihren Namen, Ihre E-Mail-Adresse und Kontaktdaten.<\/li>\n\n\n\n<li><strong>Nutzungsdaten:<\/strong> Wird automatisch erfasst, wenn Sie meine Website nutzen, einschlie\u00dflich IP-Adresse, Browsertyp und Browsing-Details durch Cookies.<\/li>\n\n\n\n<li><strong>Kekse:<\/strong> Ich verwende Cookies, um Ihre Pr\u00e4ferenzen zu speichern und die Navigation zu erleichtern. Sie k\u00f6nnen die Cookie-Einstellungen \u00fcber Ihren Browser steuern.<\/li>\n<\/ul>\n\n\n\n<h3 class=\"wp-block-heading has-medium-font-size\"><strong>IP-Adressen<\/strong><\/h3>\n\n\n\n<p>Diese Website kann Informationen \u00fcber Ihren Computer sammeln, einschlie\u00dflich (sofern verf\u00fcgbar) Ihrer IP-Adresse, Ihres Betriebssystems und Browsertyps oder f\u00fcr die Systemadministration. Dabei handelt es sich um statistische Daten \u00fcber die Browsing-Aktionen und -Muster der Benutzer, die keine R\u00fcckschl\u00fcsse auf einzelne Personen zulassen.<\/p>\n\n\n\n<h2 class=\"wp-block-heading has-medium-font-size\"><strong>Kekse<\/strong><\/h2>\n\n\n\n<p>Aus demselben Grund kann ich mithilfe einer Cookie-Datei, die in Ihrem Browser oder auf der Festplatte Ihres Computers gespeichert wird, Informationen \u00fcber Ihre allgemeine Internetnutzung erhalten. Cookies enthalten Informationen, die auf die Festplatte Ihres Computers \u00fcbertragen werden. Sie helfen uns, meine Website zu verbessern und einen besseren und pers\u00f6nlicheren Service zu bieten. Einige der von mir verwendeten Cookies sind f\u00fcr den Betrieb der Website unbedingt erforderlich.<\/p>\n\n\n\n<p>Wenn Sie meine Dienste in Anspruch nehmen oder meine Site weiterhin nutzen, stimmen Sie der Verwendung von Cookies zu.<\/p>\n\n\n\n<p>Sie k\u00f6nnen Cookies blockieren, indem Sie die Einstellung Ihres Browsers aktivieren, die es Ihnen erm\u00f6glicht, das Setzen aller oder einiger Cookies abzulehnen. Wenn Sie jedoch Ihre Browsereinstellungen verwenden, um alle Cookies (einschlie\u00dflich der erforderlichen Cookies) zu blockieren, k\u00f6nnen Sie m\u00f6glicherweise nicht auf alle oder Teile meiner Website zugreifen. Sofern Sie Ihre Browsereinstellungen nicht so angepasst haben, dass Cookies abgelehnt werden, wird das Websitesystem Cookies ausgeben, sobald Sie unsere Website besuchen.<\/p>\n\n\n\n<h2 class=\"wp-block-heading has-large-font-size\"><strong>3. Weitergabe von Daten<\/strong><\/h2>\n\n\n\n<p>Ich verkaufe Ihre Daten nicht. Ich kann Ihre Daten an vertraglich gebundene Dienstleister weitergeben, die uns bei Teilen des Gesch\u00e4ftsbetriebs unterst\u00fctzen (Betrugspr\u00e4vention, Marketing, Technologiedienste). In meinen Vertr\u00e4gen ist festgelegt, dass diese Dienstleister Ihre Daten nur im Zusammenhang mit den Dienstleistungen verwenden, die sie f\u00fcr uns erbringen, und nicht zu ihrem eigenen Vorteil.<\/p>\n\n\n\n<h2 class=\"wp-block-heading has-large-font-size\"><strong>4. Datensicherheit<\/strong><\/h2>\n\n\n\n<p>Diese Website verwendet Sicherheitsma\u00dfnahmen, um Ihre Daten vor unbefugtem Zugriff, \u00c4nderung und Zerst\u00f6rung zu sch\u00fctzen. Sie verwendet SSL-Verschl\u00fcsselung f\u00fcr die Daten\u00fcbertragung und aktualisiert und testet die Sicherheitstechnologie aktiv.<\/p>\n\n\n\n<p>Die Daten, die ich von Ihnen erhebe, k\u00f6nnen an einen Bestimmungsort au\u00dferhalb des Europ\u00e4ischen Wirtschaftsraums (\u201eEWR\u201c) \u00fcbermittelt und dort gespeichert werden. Sie k\u00f6nnen auch von Mitarbeitern verarbeitet werden, die au\u00dferhalb des EWR f\u00fcr mich oder einen meiner Lieferanten t\u00e4tig sind. Diese Mitarbeiter k\u00f6nnen unter anderem mit der Pr\u00fcfung und Bearbeitung Ihrer Bewerbung betraut sein. Indem Sie Ihre personenbezogenen Daten \u00fcbermitteln, stimmen Sie dieser Speicherung oder Verarbeitung zu. Ich werde alle erforderlichen Schritte unternehmen, um sicherzustellen, dass Ihre Daten sicher und in \u00dcbereinstimmung mit dieser Datenschutzrichtlinie behandelt werden.<\/p>\n\n\n\n<h2 class=\"wp-block-heading has-large-font-size\"><strong>5. Datenspeicherung<\/strong><\/h2>\n\n\n\n<p>Ich werde personenbezogene Daten so lange aufbewahren, wie dies zur Erf\u00fcllung der in dieser Datenschutzrichtlinie genannten Zwecke erforderlich ist, es sei denn, dass gesetzlich eine l\u00e4ngere Aufbewahrungsfrist vorgeschrieben oder zul\u00e4ssig ist.<\/p>\n\n\n\n<h2 class=\"wp-block-heading has-large-font-size\"><strong>6. Ihre Rechte<\/strong><\/h2>\n\n\n\n<p>Sie haben das Recht, auf Ihre Informationen zuzugreifen, sie zu aktualisieren oder zu l\u00f6schen. Unsere Website bietet Benutzern Tools, mit denen sie diese Aktionen in ihren Profilen durchf\u00fchren k\u00f6nnen. Sie k\u00f6nnen uns auch direkt kontaktieren, um bei diesen Anfragen Hilfe zu erhalten.<\/p>\n\n\n\n<p>Sie haben das Recht, uns aufzufordern, Ihre personenbezogenen Daten nicht f\u00fcr Marketingzwecke zu verarbeiten. Normalerweise informiere ich Sie (vor der Erhebung Ihrer Daten), wenn ich beabsichtige, Ihre Daten f\u00fcr solche Zwecke zu verwenden oder wenn ich beabsichtige, Ihre Daten f\u00fcr solche Zwecke an Dritte weiterzugeben. Sie k\u00f6nnen Ihr Recht, eine solche Verarbeitung zu verhindern, aus\u00fcben, indem Sie bestimmte K\u00e4stchen auf den Formularen ankreuzen, die ich zur Erhebung Ihrer Daten verwende. Sie k\u00f6nnen dieses Recht auch jederzeit aus\u00fcben, indem Sie <a href=\"https:\/\/dinamiktours.eus\/de\/kontakt\/\" data-type=\"page\" data-id=\"349\">Kontaktieren Sie mich<\/a><\/p>\n\n\n\n<p>Diese Website kann von Zeit zu Zeit Links zu und von Websites externer Dienste oder Netzwerke wie Instagram oder WhatsApp enthalten. Wenn Sie einem Link zu einer dieser Websites folgen, beachten Sie bitte, dass diese Websites ihre eigenen Datenschutzrichtlinien haben und dass ich f\u00fcr diese Richtlinien keine Verantwortung oder Haftung \u00fcbernehme. Bitte \u00fcberpr\u00fcfen Sie diese Richtlinien, bevor Sie personenbezogene Daten an diese Websites \u00fcbermitteln.<\/p>\n\n\n\n<h2 class=\"wp-block-heading has-medium-font-size\"><strong>Zugang zu Informationen<\/strong><\/h2>\n\n\n\n<p>Das Gesetz gibt Ihnen das Recht, auf die \u00fcber Sie gespeicherten Informationen zuzugreifen. Ihr Zugriffsrecht k\u00f6nnen Sie gem\u00e4\u00df dem Gesetz aus\u00fcben.<\/p>\n\n\n\n<h2 class=\"wp-block-heading has-large-font-size\"><strong>7. Dienste Dritter<\/strong><\/h2>\n\n\n\n<p>Diese Website kann Links zu Websites oder Diensten Dritter enthalten, die nicht von uns betrieben werden. Ich bin nicht f\u00fcr die Datenschutzpraktiken dieser Websites verantwortlich und empfehle Ihnen, deren Datenschutzrichtlinien zu \u00fcberpr\u00fcfen.<\/p>\n\n\n\n<h2 class=\"wp-block-heading has-large-font-size\"><strong>8. \u00c4nderungen dieser Richtlinie<\/strong><\/h2>\n\n\n\n<p>Ich kann meine Datenschutzrichtlinie regelm\u00e4\u00dfig aktualisieren. Ich werde Sie \u00fcber alle \u00c4nderungen informieren, indem ich die neue Datenschutzrichtlinie auf dieser Seite ver\u00f6ffentliche. Es wird Ihnen empfohlen, diese Datenschutzrichtlinie regelm\u00e4\u00dfig auf \u00c4nderungen zu \u00fcberpr\u00fcfen.<\/p>\n\n\n\n<h2 class=\"wp-block-heading has-large-font-size\"><strong>9. Kontaktieren Sie uns<\/strong><\/h2>\n\n\n\n<p>Wenn Sie Fragen zu dieser Datenschutzrichtlinie haben, wenden Sie sich bitte an <a href=\"https:\/\/dinamiktours.eus\/de\/kontakt\/\" data-type=\"page\" data-id=\"349\">kontaktiere mich<\/a><\/p>","protected":false},"excerpt":{"rendered":"<p>1. Introduction Welcome to dinamiktours.eus, operated by Maria Angel Manovel Ib\u00e1\u00f1ez (VAT ID 10059139C), located in 48014-Bilbao, Spain. This Privacy Policy governs your use of this website including dinamiktours.eus, dinamiktours.com, and dinamiktours.eu, detailing how I collect, use, and safeguard your information. 2. Information Collection and Use This site collect various types of information for enhancing [&hellip;]<\/p>\n","protected":false},"author":1,"featured_media":4982,"parent":0,"menu_order":0,"comment_status":"closed","ping_status":"open","template":"","meta":{"footnotes":""},"class_list":["post-3","page","type-page","status-publish","has-post-thumbnail","hentry"],"blocksy_meta":{"has_hero_section":"enabled","hero_section":"type-2","pageExcerptColor":{"default":{"color":"var(--theme-palette-color-8)"}},"pageTitleFont":{"family":"Default","variation":"Default","size":{"desktop":"70px","tablet":"70px","mobile":"70px"},"line-height":"CT_CSS_SKIP_RULE","letter-spacing":"CT_CSS_SKIP_RULE","text-transform":"CT_CSS_SKIP_RULE","text-decoration":"CT_CSS_SKIP_RULE"},"pageTitleOverlay":{"background_type":"color","background_pattern":"type-1","background_image":{"attachment_id":null,"x":0,"y":0},"gradient":"linear-gradient(135deg,rgba(6,147,227,1) 0%,rgb(155,81,224) 100%)","background_repeat":"repeat","background_size":"auto","background_attachment":"scroll","patternColor":{"default":{"color":"#e5e7ea"}},"overlayColor":{"default":{"color":"CT_CSS_SKIP_RULE"}},"backgroundColor":{"default":{"color":"rgba(18, 21, 26, 0.51)"}}},"styles_descriptor":{"styles":{"desktop":"[data-prefix=\"single_page\"] .entry-header .page-title {--theme-font-size:70px;--theme-heading-color:var(--theme-palette-color-7);} [data-prefix=\"single_page\"] .entry-header .entry-meta {--theme-font-weight:600;--theme-text-transform:uppercase;--theme-font-size:12px;--theme-line-height:1.3;} [data-prefix=\"single_page\"] .entry-header .page-description {--theme-text-color:var(--theme-palette-color-8);} [data-prefix=\"single_page\"] .hero-section[data-type=\"type-2\"] > figure .ct-media-container:after {background-color:rgba(18, 21, 26, 0.51);} [data-prefix=\"single_page\"] .hero-section[data-type=\"type-2\"] {background-color:var(--theme-palette-color-6);background-image:none;--container-padding:50px 0px;}","tablet":"","mobile":""},"google_fonts":[],"version":6},"pageTitleFontColor":{"default":{"color":"var(--theme-palette-color-7)"}}},"_links":{"self":[{"href":"https:\/\/dinamiktours.eus\/de\/wp-json\/wp\/v2\/pages\/3","targetHints":{"allow":["GET"]}}],"collection":[{"href":"https:\/\/dinamiktours.eus\/de\/wp-json\/wp\/v2\/pages"}],"about":[{"href":"https:\/\/dinamiktours.eus\/de\/wp-json\/wp\/v2\/types\/page"}],"author":[{"embeddable":true,"href":"https:\/\/dinamiktours.eus\/de\/wp-json\/wp\/v2\/users\/1"}],"replies":[{"embeddable":true,"href":"https:\/\/dinamiktours.eus\/de\/wp-json\/wp\/v2\/comments?post=3"}],"version-history":[{"count":6,"href":"https:\/\/dinamiktours.eus\/de\/wp-json\/wp\/v2\/pages\/3\/revisions"}],"predecessor-version":[{"id":1049,"href":"https:\/\/dinamiktours.eus\/de\/wp-json\/wp\/v2\/pages\/3\/revisions\/1049"}],"wp:featuredmedia":[{"embeddable":true,"href":"https:\/\/dinamiktours.eus\/de\/wp-json\/wp\/v2\/media\/4982"}],"wp:attachment":[{"href":"https:\/\/dinamiktours.eus\/de\/wp-json\/wp\/v2\/media?parent=3"}],"curies":[{"name":"wp","href":"https:\/\/api.w.org\/{rel}","templated":true}]}}