{"id":1085,"date":"2024-05-07T21:28:14","date_gmt":"2024-05-07T19:28:14","guid":{"rendered":"https:\/\/dinamiktours.eus\/?page_id=1085"},"modified":"2024-08-07T00:27:03","modified_gmt":"2024-08-06T22:27:03","slug":"bilbao-pintxos-sonnenuntergang","status":"publish","type":"page","link":"https:\/\/dinamiktours.eus\/de\/gastronomy\/bilbao-pintxo-sunset\/","title":{"rendered":"Rundgang mit Pintxo bei Sonnenuntergang in Bilbao"},"content":{"rendered":"<div class=\"wp-block-stackable-columns aligncenter stk-block-columns stk-block stk-4830b9c stk-block-background\" data-block-id=\"4830b9c\"><style>.stk-4830b9c{background-color:#f6f6f6 !important;padding-top:80px !important;padding-bottom:80px !important;margin-bottom:23px !important}.stk-4830b9c:before{background-color:#f6f6f6 !important}.stk-4830b9c-column{--stk-column-gap:64px !important}<\/style><div class=\"stk-row stk-inner-blocks stk-block-content stk-content-align stk-4830b9c-column\">\n<div class=\"wp-block-stackable-column stk-block-column stk-column stk-block stk-63dc570\" data-v=\"4\" data-block-id=\"63dc570\"><style>.stk-63dc570{align-self:center !important}@media screen and (min-width:690px){.stk-63dc570{flex:var(--stk-flex-grow,1) 1 calc(59.999999999999986% - var(--stk-column-gap,0px) * 1 \/ 2 ) !important}}<\/style><div class=\"stk-column-wrapper stk-block-column__content stk-container stk-63dc570-container stk--no-background stk--no-padding\"><div class=\"stk-block-content stk-inner-blocks stk-63dc570-inner-blocks\">\n<div class=\"wp-block-stackable-subtitle stk-block-subtitle stk-block stk-7ae7225\" data-block-id=\"7ae7225\"><style>.stk-7ae7225{margin-bottom:8px !important}.stk-7ae7225 .stk-block-subtitle__text{font-size:16px !important;color:#ed5521 !important;font-weight:bold !important;text-transform:uppercase !important;font-family:\"Inter\",Sans-serif !important;letter-spacing:1px !important}@media screen and (max-width:999px){.stk-7ae7225 .stk-block-subtitle__text{font-size:16px !important}}<\/style><p class=\"stk-block-subtitle__text stk-subtitle has-text-color\">#1 Bestseller<\/p><\/div>\n\n\n\n<div class=\"wp-block-stackable-heading stk-block-heading stk-block-heading--v2 stk-block stk-96afb49\" id=\"walking-tour-with-pintxo-at-sunset-in-bilbao\" data-block-id=\"96afb49\"><style>.stk-96afb49 .stk-block-heading__text{font-size:56px !important;color:#1a1a1a !important;font-weight:800 !important;font-family:\"Raleway\",Sans-serif !important}@media screen and (max-width:999px){.stk-96afb49 .stk-block-heading__text{font-size:50px !important}}<\/style><h2 class=\"stk-block-heading__text has-text-color\">Rundgang mit Pintxo bei Sonnenuntergang in Bilbao<\/h2><\/div>\n\n\n\n<div class=\"wp-block-stackable-divider stk-block-divider stk-block stk-bac9aca\" data-block-id=\"bac9aca\"><style>.stk-bac9aca{margin-top:24px !important;margin-bottom:0px !important}.stk-bac9aca hr.stk-block-divider__hr{background:#b9b9b9 !important;width:100% !important}<\/style><hr class=\"stk-block-divider__hr\"\/><\/div>\n\n\n\n<div class=\"wp-block-stackable-columns stk-block-columns stk-block stk-454425b\" data-block-id=\"454425b\"><style>.stk-454425b{margin-bottom:0px !important}<\/style><div class=\"stk-row stk-inner-blocks stk-block-content stk-content-align stk-454425b-column\">\n<div class=\"wp-block-stackable-column stk-block-column stk-column stk-block stk-96ae8e9\" data-v=\"4\" data-block-id=\"96ae8e9\"><div class=\"stk-column-wrapper stk-block-column__content stk-container stk-96ae8e9-container stk--no-background stk--no-padding\"><div class=\"stk-block-content stk-inner-blocks stk-96ae8e9-inner-blocks\">\n<div class=\"wp-block-stackable-subtitle stk-block-subtitle stk-block stk-92cc269\" data-block-id=\"92cc269\"><style>.stk-92cc269{margin-bottom:0px !important}.stk-92cc269 .stk-block-subtitle__text{font-size:16px !important;color:#919191 !important;font-family:\"Inter\",Sans-serif !important}@media screen and (max-width:999px){.stk-92cc269 .stk-block-subtitle__text{font-size:16px !important}}<\/style><p class=\"stk-block-subtitle__text stk-subtitle has-text-color\">Verf\u00fcgbare Sprachen<\/p><\/div>\n\n\n\n<div class=\"wp-block-stackable-heading stk-block-heading stk-block-heading--v2 stk-block stk-7e13b3a\" id=\"en-es-fr\" data-block-id=\"7e13b3a\"><style>.stk-7e13b3a .stk-block-heading__text{font-size:24px !important;color:#1a1a1a !important;font-weight:400 !important;font-family:\"Raleway\",Sans-serif !important}@media screen and (max-width:999px){.stk-7e13b3a .stk-block-heading__text{font-size:24px !important}}<\/style><h2 class=\"stk-block-heading__text has-text-color\">EN ES FR<\/h2><\/div>\n<\/div><\/div><\/div>\n\n\n\n<div class=\"wp-block-stackable-column stk-block-column stk-column stk-block stk-bfe9ed4\" data-v=\"4\" data-block-id=\"bfe9ed4\"><div class=\"stk-column-wrapper stk-block-column__content stk-container stk-bfe9ed4-container stk--no-background stk--no-padding\"><div class=\"stk-block-content stk-inner-blocks stk-bfe9ed4-inner-blocks\">\n<div class=\"wp-block-stackable-subtitle stk-block-subtitle stk-block stk-a9acf20\" data-block-id=\"a9acf20\"><style>.stk-a9acf20{margin-bottom:0px !important}.stk-a9acf20 .stk-block-subtitle__text{font-size:16px !important;color:#919191 !important;font-family:\"Inter\",Sans-serif !important}@media screen and (max-width:999px){.stk-a9acf20 .stk-block-subtitle__text{font-size:16px !important}}<\/style><p class=\"stk-block-subtitle__text stk-subtitle has-text-color\">Schwierigkeitslevel<\/p><\/div>\n\n\n\n<div class=\"wp-block-stackable-heading stk-block-heading stk-block-heading--v2 stk-block stk-e2f62b4\" id=\"walking-on-foot\" data-block-id=\"e2f62b4\"><style>.stk-e2f62b4 .stk-block-heading__text{font-size:24px !important;color:#1a1a1a !important;font-weight:400 !important;font-family:\"Raleway\",Sans-serif !important}@media screen and (max-width:999px){.stk-e2f62b4 .stk-block-heading__text{font-size:24px !important}}<\/style><h2 class=\"stk-block-heading__text has-text-color\">Gehen (Zu Fu\u00df)<\/h2><\/div>\n<\/div><\/div><\/div>\n\n\n\n<div class=\"wp-block-stackable-column stk-block-column stk-column stk-block stk-dc60c94\" data-v=\"4\" data-block-id=\"dc60c94\"><div class=\"stk-column-wrapper stk-block-column__content stk-container stk-dc60c94-container stk--no-background stk--no-padding\"><div class=\"stk-block-content stk-inner-blocks stk-dc60c94-inner-blocks\">\n<div class=\"wp-block-stackable-subtitle stk-block-subtitle stk-block stk-3f1c07b\" data-block-id=\"3f1c07b\"><style>.stk-3f1c07b{margin-bottom:0px !important}.stk-3f1c07b .stk-block-subtitle__text{font-size:16px !important;color:#919191 !important;font-family:\"Inter\",Sans-serif !important}@media screen and (max-width:999px){.stk-3f1c07b .stk-block-subtitle__text{font-size:16px !important}}<\/style><p class=\"stk-block-subtitle__text stk-subtitle has-text-color\">Dauer<\/p><\/div>\n\n\n\n<div class=\"wp-block-stackable-heading stk-block-heading stk-block-heading--v2 stk-block stk-4e7248f\" id=\"6-hours\" data-block-id=\"4e7248f\"><style>.stk-4e7248f .stk-block-heading__text{font-size:24px !important;color:#1a1a1a !important;font-weight:400 !important;font-family:\"Raleway\",Sans-serif !important}@media screen and (max-width:999px){.stk-4e7248f .stk-block-heading__text{font-size:24px !important}}<\/style><h2 class=\"stk-block-heading__text has-text-color\">6 Stunden<\/h2><\/div>\n<\/div><\/div><\/div>\n<\/div><\/div>\n\n\n\n<div class=\"wp-block-stackable-text stk-block-text stk-block stk-ac756ed\" data-block-id=\"ac756ed\"><style>.stk-ac756ed .stk-block-text__text{color:#111111 !important}<\/style><p class=\"stk-block-text__text has-text-color has-stk-global-color-78455-color\">Begeben Sie sich auf einen bezaubernden Abendspaziergang durch das historische Herz von Bilbao und erleben Sie die Entwicklung der Stadt anhand ihrer Geb\u00e4ude, Parks und Pl\u00e4tze. Genie\u00dfen Sie bei Einbruch der D\u00e4mmerung die lokalen Aromen bei einer kulinarischen Reise mit traditionellen Miniatur-Gastronomie-K\u00f6stlichkeiten wie Pintxos und Geb\u00e4ck. Diese Tour kombiniert kulturelle Erkundung mit einem Vorgeschmack auf die ber\u00fchmte kulinarische Szene der Stadt und macht sie zu einem unvergesslichen Teil Ihres Besuchs in Bilbao.<\/p><\/div>\n\n\n\n<p><strong>Highlights:<\/strong><\/p>\n\n\n\n<ul class=\"wp-block-list\">\n<li><strong>Individuelle Reiseroute:<\/strong> Stellen Sie sich eine Tour zusammen, die Ihren Interessen entspricht und Besuche wichtiger Sehensw\u00fcrdigkeiten einschlie\u00dft \u2013 Museen, Fu\u00dfballstadien, Parks, Br\u00fccken und \u00f6ffentliche Verkehrsmittel.<\/li>\n\n\n\n<li><strong>Gastronomisches Abenteuer:<\/strong> Genie\u00dfen Sie eine Auswahl von 6 Pintxos und 3 Getr\u00e4nken (Auswahl aus Bier, Wein oder Apfelwein) pro Person, w\u00e4hrend Sie die besten Bars und Konditoreien der Gegend erkunden.<\/li>\n\n\n\n<li><strong>Architektonische Wunderwerke:<\/strong> Erkunden Sie Bilbaos Stadtlandschaft und architektonische Sch\u00e4tze, von der historischen Altstadt bis hin zu beeindruckenden modernen Bauten.<\/li>\n<\/ul>\n\n\n\n<p><strong>Weitere Informationen:<\/strong><\/p>\n\n\n\n<ul class=\"wp-block-list\">\n<li><strong>Zielgruppe:<\/strong> Ideal f\u00fcr Feinschmecker, Kulturbegeisterte und alle, die sich f\u00fcr die historische und architektonische Bedeutung Bilbaos interessieren.<\/li>\n\n\n\n<li><strong>Einschl\u00fcsse:<\/strong> Gef\u00fchrter Rundgang, 6 Pintxos, 3 Getr\u00e4nke pro Person und Besuche ausgew\u00e4hlter Sehensw\u00fcrdigkeiten je nach Vorlieben.<\/li>\n\n\n\n<li><strong>Ausschl\u00fcsse:<\/strong> Eintrittsgeb\u00fchren f\u00fcr bestimmte Attraktionen, Transportkosten und nicht angegebene Speisen und Getr\u00e4nke.<\/li>\n<\/ul>\n\n\n\n<p>Diese Tour wird von professionellen Guides geleitet, die \u00fcber umfassende Kenntnisse der Geschichte und Architektur Bilbaos verf\u00fcgen. W\u00e4hrend Sie bei Sonnenuntergang durch die wundersch\u00f6nen Stra\u00dfen der Stadt schlendern, sorgt die Kombination aus kulturellen Einblicken und exquisiten lokalen Geschm\u00e4ckern f\u00fcr ein umfassendes und bereicherndes Erlebnis.<\/p>\n\n\n\n<div class=\"wp-block-stackable-spacer stk-block-spacer stk--no-padding stk-block stk-a22c61c\" data-block-id=\"a22c61c\"><style>.stk-a22c61c{height:24px !important}<\/style><\/div>\n\n\n\n<div class=\"wp-block-stackable-button-group stk-block-button-group stk-block stk-f361e31\" data-block-id=\"f361e31\"><div class=\"stk-row stk-inner-blocks stk-block-content stk-button-group\">\n<div class=\"wp-block-stackable-button stk-block-button stk-block stk-9dca791\" data-block-id=\"9dca791\"><style>.stk-9dca791 .stk-button{background:var(--theme-palette-color-2,#fd9101) !important}.stk-9dca791 .stk-button__inner-text{font-size:18px !important;color:var(--stk-global-color-58834,#ffffff) !important;font-family:\"Inter\",Sans-serif !important}@media screen and (max-width:999px){.stk-9dca791 .stk-button__inner-text{font-size:18px !important}}<\/style><a class=\"stk-link stk-button stk--hover-effect-darken\" href=\"https:\/\/dinamiktours.eus\/de\/kontakt\/\"><span class=\"has-text-color has-stk-global-color-58834-color stk-button__inner-text\">buchen Sie jetzt<\/span><\/a><\/div>\n\n\n\n<div class=\"wp-block-stackable-button stk-block-button is-style-ghost stk-block stk-9b492b3\" data-block-id=\"9b492b3\"><style>.stk-9b492b3 .stk-button{background:transparent !important}.stk-9b492b3 .stk-button:hover:after{background:var(--theme-palette-color-2,#fd9101) !important;opacity:1 !important}:where(.stk-hover-parent:hover,.stk-hover-parent.stk--is-hovered) .stk-9b492b3 .stk-button:after{background:transparent !important;opacity:1 !important}.stk-9b492b3 .stk-button:before{border-style:solid !important;border-color:var(--theme-palette-color-2,#fd9101) !important}.stk-9b492b3 .stk-button:hover:before{border-color:transparent !important}.stk-9b492b3 .stk-button .stk--inner-svg svg:last-child,.stk-9b492b3 .stk-button .stk--inner-svg svg:last-child :is(g,path,rect,polygon,ellipse){fill:var(--theme-palette-color-2,#fd9101) !important}.stk-9b492b3 .stk-button:hover .stk--inner-svg svg:last-child,.stk-9b492b3 .stk-button:hover .stk--inner-svg svg:last-child :is(g,path,rect,polygon,ellipse){fill:var(--stk-global-color-58834,#ffffff) !important}.stk-9b492b3 .stk-button__inner-text{font-size:18px !important;color:var(--theme-palette-color-2,#fd9101) !important}.stk-9b492b3 .stk-button:hover .stk-button__inner-text{color:var(--stk-global-color-58834,#ffffff) !important}@media screen and (max-width:999px){.stk-9b492b3 .stk-button__inner-text{font-size:18px !important}}<\/style><a class=\"stk-link stk-button stk--hover-effect-darken\" href=\"https:\/\/dinamiktours.eus\/de\/kontakt\/\"><span class=\"stk--svg-wrapper\"><div class=\"stk--inner-svg\"><svg data-prefix=\"fas\" data-icon=\"heart\" class=\"svg-inline--fa fa-heart fa-w-16\" xmlns=\"http:\/\/www.w3.org\/2000\/svg\" viewbox=\"0 0 512 512\" aria-hidden=\"true\" width=\"32\" height=\"32\"><path fill=\"currentColor\" d=\"M462.3 62.6C407.5 15.9 326 24.3 275.7 76.2L256 96.5l-19.7-20.3C186.1 24.3 104.5 15.9 49.7 62.6c-62.8 53.6-66.1 149.8-9.9 207.9l193.5 199.8c12.5 12.9 32.8 12.9 45.3 0l193.5-199.8c56.3-58.1 53-154.3-9.8-207.9z\"><\/path><\/svg><\/div><\/span><span class=\"has-text-color stk-button__inner-text\">Zu den Favoriten hinzuf\u00fcgen<\/span><\/a><\/div>\n<\/div><\/div>\n<\/div><\/div><\/div>\n\n\n\n<div class=\"wp-block-stackable-column stk-block-column stk-column stk-block stk-6425171\" data-v=\"4\" data-block-id=\"6425171\"><style>.stk-6425171-container{margin-top:75px !important}.stk-6425171{align-self:flex-start !important}@media screen and (min-width:690px){.stk-6425171{flex:var(--stk-flex-grow,1) 1 calc(40% - var(--stk-column-gap,0px) * 1 \/ 2 ) !important}}<\/style><div class=\"stk-column-wrapper stk-block-column__content stk-container stk-6425171-container stk--no-background stk--no-padding\"><div class=\"stk-block-content stk-inner-blocks stk-6425171-inner-blocks\">\n<div class=\"wp-block-stackable-image stk-block-image stk-block stk-fb3fc04\" data-block-id=\"fb3fc04\"><style>.stk-fb3fc04 .stk-img-wrapper{height:600px !important;filter:drop-shadow(7px 5px 30px #48497927) !important}.stk-fb3fc04 .stk-img-wrapper img{object-position:7.000000000000001% 87% !important}<\/style><figure><span class=\"stk-img-wrapper stk-image--shape-stretch stk--shadow-7px 5px 30px #48497927\"><img loading=\"lazy\" decoding=\"async\" class=\"stk-img wp-image-1090\" src=\"https:\/\/dinamiktours.eus\/wp-content\/uploads\/2024\/05\/pintxo-brocheta-langostino.jpg\" width=\"2176\" height=\"1200\" srcset=\"https:\/\/dinamiktours.eus\/wp-content\/uploads\/2024\/05\/pintxo-brocheta-langostino.jpg 2176w, https:\/\/dinamiktours.eus\/wp-content\/uploads\/2024\/05\/pintxo-brocheta-langostino-300x165.jpg 300w, https:\/\/dinamiktours.eus\/wp-content\/uploads\/2024\/05\/pintxo-brocheta-langostino-1024x565.jpg 1024w, https:\/\/dinamiktours.eus\/wp-content\/uploads\/2024\/05\/pintxo-brocheta-langostino-768x424.jpg 768w, https:\/\/dinamiktours.eus\/wp-content\/uploads\/2024\/05\/pintxo-brocheta-langostino-1536x847.jpg 1536w, https:\/\/dinamiktours.eus\/wp-content\/uploads\/2024\/05\/pintxo-brocheta-langostino-2048x1129.jpg 2048w, https:\/\/dinamiktours.eus\/wp-content\/uploads\/2024\/05\/pintxo-brocheta-langostino-18x10.jpg 18w\" sizes=\"auto, (max-width: 2176px) 100vw, 2176px\" \/><\/span><\/figure><\/div>\n<\/div><\/div><\/div>\n<\/div><\/div>","protected":false},"excerpt":{"rendered":"<p>Experience Bilbao&#8217;s history and cuisine on an enchanting evening walking tour, savoring pintxos and pastries as twilight descends. Unforgettable.<\/p>","protected":false},"author":2,"featured_media":1090,"parent":721,"menu_order":0,"comment_status":"closed","ping_status":"closed","template":"","meta":{"footnotes":""},"class_list":["post-1085","page","type-page","status-publish","has-post-thumbnail","hentry"],"blocksy_meta":{"has_hero_section":"enabled","hero_section":"type-2","pageTitleFontColor":{"default":{"color":"var(--theme-palette-color-8)"}},"styles_descriptor":{"styles":{"desktop":"[data-prefix=\"single_page\"] .entry-header .page-title {--theme-font-size:70px;--theme-heading-color:var(--theme-palette-color-8);} [data-prefix=\"single_page\"] .entry-header .entry-meta {--theme-font-weight:600;--theme-text-transform:uppercase;--theme-font-size:12px;--theme-line-height:1.3;} [data-prefix=\"single_page\"] .entry-header .page-description {--theme-text-color:var(--theme-palette-color-8);} [data-prefix=\"single_page\"] .hero-section[data-type=\"type-2\"] > figure .ct-media-container:after {background-color:rgba(18, 21, 26, 0.51);} [data-prefix=\"single_page\"] .hero-section[data-type=\"type-2\"] {background-color:var(--theme-palette-color-6);background-image:none;--container-padding:50px 0px;}","tablet":"","mobile":""},"google_fonts":[],"version":6},"pageTitleFont":{"family":"Default","variation":"Default","size":{"desktop":"70px","tablet":"70px","mobile":"70px"},"line-height":"CT_CSS_SKIP_RULE","letter-spacing":"CT_CSS_SKIP_RULE","text-transform":"CT_CSS_SKIP_RULE","text-decoration":"CT_CSS_SKIP_RULE"},"pageTitleOverlay":{"background_type":"color","background_pattern":"type-1","background_image":{"attachment_id":null,"x":0,"y":0},"gradient":"linear-gradient(135deg,rgba(6,147,227,1) 0%,rgb(155,81,224) 100%)","background_repeat":"repeat","background_size":"auto","background_attachment":"scroll","patternColor":{"default":{"color":"#e5e7ea"}},"overlayColor":{"default":{"color":"CT_CSS_SKIP_RULE"}},"backgroundColor":{"default":{"color":"rgba(18, 21, 26, 0.51)"}}},"pageExcerptColor":{"default":{"color":"var(--theme-palette-color-8)"}}},"_links":{"self":[{"href":"https:\/\/dinamiktours.eus\/de\/wp-json\/wp\/v2\/pages\/1085","targetHints":{"allow":["GET"]}}],"collection":[{"href":"https:\/\/dinamiktours.eus\/de\/wp-json\/wp\/v2\/pages"}],"about":[{"href":"https:\/\/dinamiktours.eus\/de\/wp-json\/wp\/v2\/types\/page"}],"author":[{"embeddable":true,"href":"https:\/\/dinamiktours.eus\/de\/wp-json\/wp\/v2\/users\/2"}],"replies":[{"embeddable":true,"href":"https:\/\/dinamiktours.eus\/de\/wp-json\/wp\/v2\/comments?post=1085"}],"version-history":[{"count":7,"href":"https:\/\/dinamiktours.eus\/de\/wp-json\/wp\/v2\/pages\/1085\/revisions"}],"predecessor-version":[{"id":3682,"href":"https:\/\/dinamiktours.eus\/de\/wp-json\/wp\/v2\/pages\/1085\/revisions\/3682"}],"up":[{"embeddable":true,"href":"https:\/\/dinamiktours.eus\/de\/wp-json\/wp\/v2\/pages\/721"}],"wp:featuredmedia":[{"embeddable":true,"href":"https:\/\/dinamiktours.eus\/de\/wp-json\/wp\/v2\/media\/1090"}],"wp:attachment":[{"href":"https:\/\/dinamiktours.eus\/de\/wp-json\/wp\/v2\/media?parent=1085"}],"curies":[{"name":"wp","href":"https:\/\/api.w.org\/{rel}","templated":true}]}}